{"id":7612,"date":"2024-12-20T10:08:25","date_gmt":"2024-12-20T09:08:25","guid":{"rendered":"https:\/\/moveupfashion.cz\/?post_type=product&#038;p=7612"},"modified":"2024-12-20T11:43:28","modified_gmt":"2024-12-20T10:43:28","slug":"v-lenky-z-ov-ko-e-iny-ed","status":"publish","type":"product","link":"https:\/\/moveupfashion.cz\/?product=v-lenky-z-ov-ko-e-iny-ed","title":{"rendered":"D\u00c1MSK\u00c9 V\u00c1LENKY \/ BOTY Z OV\u010c\u00cd KO\u017dE\u0160INY, \u0160ED\u00dd"},"content":{"rendered":"<p>V\u00e1lenky jsou hebou\u010dk\u00e9 a velmi tepl\u00e9.\u00a0Ide\u00e1ln\u00ed kousek, pokud chcete dodat ka\u017ed\u00e9mu va\u0161emu outfitu stylov\u00fd vzhled.<\/p>\n<p>Celkov\u00e1 v\u00fd\u0161ka: 16 cm<br \/>\nMateri\u00e1l: prav\u00fd\u00a0semi\u0161<br \/>\nOteplen\u00ed: ov\u010d\u00ed ko\u017ee\u0161ina<br \/>\nBarva: \u0161ed\u00e1<br \/>\nVelikost: 37-41<\/p>\n<table width=\"597\">\n<tbody>\n<tr>\n<td width=\"104\">Velikost<\/td>\n<td width=\"109\">D\u00e9lka st\u00e9lky<\/td>\n<td width=\"64\"><\/td>\n<td width=\"64\"><\/td>\n<td width=\"64\"><\/td>\n<td width=\"64\"><\/td>\n<td width=\"64\"><\/td>\n<td width=\"64\"><\/td>\n<\/tr>\n<tr>\n<td>37<\/td>\n<td>24,5 cm<\/td>\n<td><\/td>\n<td><\/td>\n<td><\/td>\n<td><\/td>\n<td><\/td>\n<td><\/td>\n<\/tr>\n<tr>\n<td>38<\/td>\n<td>25 cm<\/td>\n<td><\/td>\n<td><\/td>\n<td><\/td>\n<td><\/td>\n<td><\/td>\n<td><\/td>\n<\/tr>\n<tr>\n<td>39<\/td>\n<td>25,5 cm<\/td>\n<td><\/td>\n<td><\/td>\n<td><\/td>\n<td><\/td>\n<td><\/td>\n<td><\/td>\n<\/tr>\n<tr>\n<td>40<\/td>\n<td>26 cm<\/td>\n<td><\/td>\n<td><\/td>\n<td><\/td>\n<td><\/td>\n<td><\/td>\n<td><\/td>\n<\/tr>\n<tr>\n<td>41<\/td>\n<td>26,5 cm<\/td>\n<td><\/td>\n<td><\/td>\n<td><\/td>\n<td><\/td>\n<td><\/td>\n<td><\/td>\n<\/tr>\n<\/tbody>\n<\/table>\n<p>Ko\u017ee\u0161inov\u00e9 v\u00fdrobky se nesm\u011bj\u00ed pr\u00e1t.<\/p>\n<p>V p\u0159\u00edpad\u011b, \u017ee V\u00e1m byla ko\u017ee\u0161ina zasl\u00e1na z\u00e1silkovou slu\u017ebou, m\u016f\u017ee b\u00fdt trochu poma\u010dkan\u00e1. Proto tento v\u00fdrobek opatrn\u011b vyjm\u011bte z obalu, prot\u0159epte a rozlo\u017een\u00fd v\u00fdrobek nechte 24 hod. narovnat. To plat\u00ed zejm\u00e9na pro ko\u017ee\u0161iny s dlouh\u00fdm vlasem -m\u00fdvalovec, li\u0161ka).<\/p>\n","protected":false},"excerpt":{"rendered":"<p>Stiln\u00ed kvalitn\u00ed v\u00e1lenky s p\u0159\u00edrodn\u00ed ov\u010d\u00ed ko\u017ee\u0161inou ve vnit\u0159n\u00ed \u010d\u00edsti.<\/p>\n","protected":false},"featured_media":7618,"comment_status":"open","ping_status":"closed","template":"","meta":[],"product_cat":[71,234],"product_tag":[],"_links":{"self":[{"href":"https:\/\/moveupfashion.cz\/index.php?rest_route=\/wp\/v2\/product\/7612"}],"collection":[{"href":"https:\/\/moveupfashion.cz\/index.php?rest_route=\/wp\/v2\/product"}],"about":[{"href":"https:\/\/moveupfashion.cz\/index.php?rest_route=\/wp\/v2\/types\/product"}],"replies":[{"embeddable":true,"href":"https:\/\/moveupfashion.cz\/index.php?rest_route=%2Fwp%2Fv2%2Fcomments&post=7612"}],"wp:featuredmedia":[{"embeddable":true,"href":"https:\/\/moveupfashion.cz\/index.php?rest_route=\/wp\/v2\/media\/7618"}],"wp:attachment":[{"href":"https:\/\/moveupfashion.cz\/index.php?rest_route=%2Fwp%2Fv2%2Fmedia&parent=7612"}],"wp:term":[{"taxonomy":"product_cat","embeddable":true,"href":"https:\/\/moveupfashion.cz\/index.php?rest_route=%2Fwp%2Fv2%2Fproduct_cat&post=7612"},{"taxonomy":"product_tag","embeddable":true,"href":"https:\/\/moveupfashion.cz\/index.php?rest_route=%2Fwp%2Fv2%2Fproduct_tag&post=7612"}],"curies":[{"name":"wp","href":"https:\/\/api.w.org\/{rel}","templated":true}]}}