{"id":6987,"date":"2017-11-15T17:15:29","date_gmt":"2017-11-15T17:15:29","guid":{"rendered":"https:\/\/moveupfashion.cz\/?post_type=product&#038;p=6987"},"modified":"2021-05-15T12:46:52","modified_gmt":"2021-05-15T10:46:52","slug":"ko-e-inov-sada-z-pol-rn-li-ky-andex","status":"publish","type":"product","link":"https:\/\/moveupfashion.cz\/?product=ko-e-inov-sada-z-pol-rn-li-ky-andex","title":{"rendered":"KO\u017dE\u0160INOV\u00c1 SADA Z POL\u00c1RN\u00cd LI\u0160KY &#8222;ANDEX&#8220;"},"content":{"rendered":"<p>Sada kr\u00e1sn\u011b ozdob\u00ed \u0161aty, svetr, kab\u00e1t, \u010depici. Mu\u017eete j\u00ed pou\u017eivat jako m\u00e1l\u00fd l\u00edmec. Vep\u0159edu \u010delenka maj\u00ed\u00a0ozdobn\u00e9 z\u00e1pinan\u00ed na such\u00fd z\u00edp. Man\u017eety vep\u0159edu na konc\u00edch se ozdobn\u00e9 z\u00e1pinam\u00ed spojuje na knoflik.<\/p>\n<p>\u010celenka<\/p>\n<p>Pod\u0161\u00edvka\u00a0vnit\u0159n\u00ed obvod &#8211; 58cm<\/p>\n<p>vn\u011bj\u0161\u00ed obvod &#8211; 65cm<\/p>\n<p>vn\u011bj\u0161\u00ed \u0161\u00ed\u0159ka &#8211; 10cm<\/p>\n<p>Man\u017eety<\/p>\n<p>Pod\u0161\u00edvka vnit\u0159n\u00ed obvod &#8211; 25cm<\/p>\n<p>vn\u011bj\u0161\u00ed obvod &#8211; 30cm<\/p>\n<p>vn\u011bj\u0161\u00ed \u0161\u00ed\u0159ka\u00a0\u00a0&#8211; 15cm<\/p>\n<p>D\u00e1\u00a0se\u00a0objednat\u00a0jak\u00e9koliv\u00a0v\u00fdrobek\u00a0z\u00a0jak\u00e9koliv\u00a0ko\u017ee\u0161iny\u00a0a\u00a0barvy\u00a0z\u00a0na\u0161e\u00a0n\u00e1bytky.<\/p>\n<p>100% nez\u00e1vadn\u00e1 a kvalitn\u00ed ko\u017ee\u0161ina<br \/>\n100% \u010desk\u00fd produkt<br \/>\n100% ru\u010dn\u00ed pr\u00e1ce<\/p>\n<p>Ko\u017ee\u0161inu skladovat v prody\u0161n\u00e9m l\u00e1tkov\u00e9m obalu nebo v pap\u00edrov\u00e9 krabici.<\/p>\n<p>Ko\u017ee\u0161inov\u00e9\u00a0v\u00fdrobky se nesm\u011bj\u00ed pr\u00e1t.<\/p>\n<p>BUDE V\u00c1M ZASL\u00c1NA KONKR\u00c9TN\u00cd\u00a0SADA Z FOTOGRAFIE!<\/p>\n<p>V p\u0159\u00edpad\u011b, \u017ee V\u00e1m byla ko\u017ee\u0161ina zasl\u00e1na z\u00e1silkovou slu\u017ebou, m\u016f\u017ee b\u00fdt trochu poma\u010dkan\u00e1. Proto tento v\u00fdrobek opatrn\u011b vyjm\u011bte z obalu, prot\u0159epte a rozlo\u017een\u00fd v\u00fdrobek nechte 24 hod. narovnat. To plat\u00ed zejm\u00e9na pro ko\u017ee\u0161iny s dlouh\u00fdm vlasem (m\u00fdvalovec, li\u0161ka).<\/p>\n","protected":false},"excerpt":{"rendered":"<p>Komplekt z pr\u00e1v\u00e9 ko\u017ee\u0161iny. Ko\u017ee\u0161inov\u00e1 \u010delenka z pol\u00e1rn\u00ed li\u0161ky a\u00a0man\u017eety\u00a0z pol\u00e1rn\u00ed\u00a0li\u0161ky.<\/p>\n","protected":false},"featured_media":6988,"comment_status":"open","ping_status":"closed","template":"","meta":[],"product_cat":[68,80],"product_tag":[],"_links":{"self":[{"href":"https:\/\/moveupfashion.cz\/index.php?rest_route=\/wp\/v2\/product\/6987"}],"collection":[{"href":"https:\/\/moveupfashion.cz\/index.php?rest_route=\/wp\/v2\/product"}],"about":[{"href":"https:\/\/moveupfashion.cz\/index.php?rest_route=\/wp\/v2\/types\/product"}],"replies":[{"embeddable":true,"href":"https:\/\/moveupfashion.cz\/index.php?rest_route=%2Fwp%2Fv2%2Fcomments&post=6987"}],"wp:featuredmedia":[{"embeddable":true,"href":"https:\/\/moveupfashion.cz\/index.php?rest_route=\/wp\/v2\/media\/6988"}],"wp:attachment":[{"href":"https:\/\/moveupfashion.cz\/index.php?rest_route=%2Fwp%2Fv2%2Fmedia&parent=6987"}],"wp:term":[{"taxonomy":"product_cat","embeddable":true,"href":"https:\/\/moveupfashion.cz\/index.php?rest_route=%2Fwp%2Fv2%2Fproduct_cat&post=6987"},{"taxonomy":"product_tag","embeddable":true,"href":"https:\/\/moveupfashion.cz\/index.php?rest_route=%2Fwp%2Fv2%2Fproduct_tag&post=6987"}],"curies":[{"name":"wp","href":"https:\/\/api.w.org\/{rel}","templated":true}]}}