{"id":6906,"date":"2017-10-23T13:33:32","date_gmt":"2017-10-23T13:33:32","guid":{"rendered":"https:\/\/moveupfashion.cz\/?post_type=product&#038;p=6906"},"modified":"2022-10-10T12:21:18","modified_gmt":"2022-10-10T10:21:18","slug":"ko-e-inov-bambule","status":"publish","type":"product","link":"https:\/\/moveupfashion.cz\/?product=ko-e-inov-bambule","title":{"rendered":"KO\u017dE\u0160INOV\u00c1 BAMBULE"},"content":{"rendered":"<div>Luxusn\u00ed ko\u017ee\u0161inov\u00e1 kl\u00ed\u010denka\/p\u0159\u00edv\u011b\u0161ek o\u017eiv\u00ed va\u0161i kabelku \u010di kl\u00ed\u010de.<\/div>\n<div>Na p\u0159ichycen\u00ed p\u0159es ko\u017een\u00fd p\u00e1sek m\u00e1 krou\u017eek nebo karabinku.<\/div>\n<div><\/div>\n<div>Pr\u016fm\u011br 12-14 cm<\/div>\n<div><\/div>\n<div>100% nez\u00e1vadn\u00e1 a kvalitn\u00ed ko\u017ee\u0161ina<\/div>\n<div>100% \u010desk\u00fd produkt<\/div>\n<div>100% ru\u010dn\u00ed pr\u00e1ce<\/div>\n<div><\/div>\n<div><\/div>\n<div>Ko\u017ee\u0161inov\u00e9 v\u00fdrobky se nesm\u011bj\u00ed pr\u00e1t.<\/div>\n<div><\/div>\n<div>BUDE V\u00c1M ZASL\u00c1NA KONKR\u00c9TN\u00cd KL\u00cd\u010cENKA Z FOTOGRAFIE!<\/div>\n<div><\/div>\n<div><\/div>\n<div><\/div>\n<div>V p\u0159\u00edpad\u011b, \u017ee V\u00e1m byla ko\u017ee\u0161ina zasl\u00e1na z\u00e1silkovou slu\u017ebou, m\u016f\u017ee b\u00fdt trochu poma\u010dkan\u00e1. Proto tento v\u00fdrobek opatrn\u011b vyjm\u011bte z obalu, prot\u0159epte a rozlo\u017een\u00fd v\u00fdrobek nechte 24 hod. narovnat. To plat\u00ed zejm\u00e9na pro ko\u017ee\u0161iny s dlouh\u00fdm vlasem (m\u00fdvalovec, li\u0161ka).<\/div>\n","protected":false},"excerpt":{"rendered":"<p>Ko\u017ee\u0161inov\u00e1 bambule (kl\u00ed\u010denka)\u00a0z prav\u00e9 ko\u017ee\u0161iny pol\u00e1rn\u00ed li\u0161ky.<\/p>\n","protected":false},"featured_media":6907,"comment_status":"open","ping_status":"closed","template":"","meta":[],"product_cat":[69,85],"product_tag":[],"_links":{"self":[{"href":"https:\/\/moveupfashion.cz\/index.php?rest_route=\/wp\/v2\/product\/6906"}],"collection":[{"href":"https:\/\/moveupfashion.cz\/index.php?rest_route=\/wp\/v2\/product"}],"about":[{"href":"https:\/\/moveupfashion.cz\/index.php?rest_route=\/wp\/v2\/types\/product"}],"replies":[{"embeddable":true,"href":"https:\/\/moveupfashion.cz\/index.php?rest_route=%2Fwp%2Fv2%2Fcomments&post=6906"}],"wp:featuredmedia":[{"embeddable":true,"href":"https:\/\/moveupfashion.cz\/index.php?rest_route=\/wp\/v2\/media\/6907"}],"wp:attachment":[{"href":"https:\/\/moveupfashion.cz\/index.php?rest_route=%2Fwp%2Fv2%2Fmedia&parent=6906"}],"wp:term":[{"taxonomy":"product_cat","embeddable":true,"href":"https:\/\/moveupfashion.cz\/index.php?rest_route=%2Fwp%2Fv2%2Fproduct_cat&post=6906"},{"taxonomy":"product_tag","embeddable":true,"href":"https:\/\/moveupfashion.cz\/index.php?rest_route=%2Fwp%2Fv2%2Fproduct_tag&post=6906"}],"curies":[{"name":"wp","href":"https:\/\/api.w.org\/{rel}","templated":true}]}}