{"id":6753,"date":"2017-06-15T12:58:32","date_gmt":"2017-06-15T12:58:32","guid":{"rendered":"https:\/\/moveupfashion.cz\/?post_type=product&#038;p=6753"},"modified":"2021-05-15T12:46:58","modified_gmt":"2021-05-15T10:46:58","slug":"ko-e-inov-la-st-brn-li-ka-andex-11","status":"publish","type":"product","link":"https:\/\/moveupfashion.cz\/?product=ko-e-inov-la-st-brn-li-ka-andex-11","title":{"rendered":"KO\u017dE\u0160INOV\u00c1 \u0160\u00c1LA ST\u0158\u00cdBRN\u00c1 LI\u0160KA &#8222;ANDEX&#8220;"},"content":{"rendered":"<p>Boa\u00a0je lehk\u00e1 a kr\u00e1sn\u011b ozdob\u00ed \u0161aty, svetr, kab\u00e1t.\u00a0Kr\u00e1sn\u00e9, hebou\u010dk\u00e9 a h\u0159ejiv\u00e9 boa &#8211; origin\u00e1ln\u00ed dopln\u011bk k jak\u00e9mukoliv oble\u010den\u00ed.<\/p>\n<p>Pod\u0161\u00edvka\u00a0vnit\u0159n\u00ed obvod bez ocasu &#8211; 90cm<\/p>\n<p>vnit\u0159n\u00ed obvod z ocasem &#8211; 145cm<\/p>\n<p>vnit\u0159n\u00ed obvod do konce lapky\u00a0&#8211; 104cm<\/p>\n<p>100% nez\u00e1vadn\u00e1 a kvalitn\u00ed ko\u017ee\u0161ina<br \/>\n100% \u010desk\u00fd produkt<br \/>\n100% ru\u010dn\u00ed pr\u00e1ce<\/p>\n<p>Ko\u017ee\u0161inu skladovat v prody\u0161n\u00e9m l\u00e1tkov\u00e9m obalu nebo v pap\u00edrov\u00e9 krabici.<\/p>\n<p>Ko\u017ee\u0161inov\u00e9\u00a0v\u00fdrobky se nesm\u011bj\u00ed pr\u00e1t.<\/p>\n<p>BUDE V\u00c1M ZASL\u00c1NA KONKR\u00c9TN\u00cd BOA\u00a0Z FOTOGRAFIE!<\/p>\n<p>V p\u0159\u00edpad\u011b, \u017ee V\u00e1m byla ko\u017ee\u0161ina zasl\u00e1na z\u00e1silkovou slu\u017ebou, m\u016f\u017ee b\u00fdt trochu poma\u010dkan\u00e1. Proto tento v\u00fdrobek opatrn\u011b vyjm\u011bte z obalu, prot\u0159epte a rozlo\u017een\u00fd v\u00fdrobek nechte 24 hod. narovnat. To plat\u00ed zejm\u00e9na pro ko\u017ee\u0161iny s dlouh\u00fdm vlasem (m\u00fdvalovec, li\u0161ka).<\/p>\n","protected":false},"excerpt":{"rendered":"<p>D\u00e1msk\u00e1 ko\u017ee\u0161inov\u00e1 boa\u00a0ze st\u0159\u00edbrn\u00e9 li\u0161ky obarvena do zelen\u00e9\u00a0barvy.<\/p>\n<p>&nbsp;<\/p>\n<p>Nena\u0161li jste ten p\u0159esn\u00fd st\u0159ih podle va\u0161ich p\u0159edstav?<br \/>\nDle individu\u00e1ln\u00ed objedn\u00e1vky m\u016f\u017eete zaslat fotku ko\u017ee\u0161inov\u00e9ho v\u00fdrobku z internetu na mail: andexfashion@gmail.com<br \/>\nDohodneme se na cen\u011b a na velikosti kterou budete pot\u0159ebovat.<\/p>\n<p>&nbsp;<\/p>\n","protected":false},"featured_media":6754,"comment_status":"open","ping_status":"closed","template":"","meta":[],"product_cat":[68,77],"product_tag":[],"_links":{"self":[{"href":"https:\/\/moveupfashion.cz\/index.php?rest_route=\/wp\/v2\/product\/6753"}],"collection":[{"href":"https:\/\/moveupfashion.cz\/index.php?rest_route=\/wp\/v2\/product"}],"about":[{"href":"https:\/\/moveupfashion.cz\/index.php?rest_route=\/wp\/v2\/types\/product"}],"replies":[{"embeddable":true,"href":"https:\/\/moveupfashion.cz\/index.php?rest_route=%2Fwp%2Fv2%2Fcomments&post=6753"}],"wp:featuredmedia":[{"embeddable":true,"href":"https:\/\/moveupfashion.cz\/index.php?rest_route=\/wp\/v2\/media\/6754"}],"wp:attachment":[{"href":"https:\/\/moveupfashion.cz\/index.php?rest_route=%2Fwp%2Fv2%2Fmedia&parent=6753"}],"wp:term":[{"taxonomy":"product_cat","embeddable":true,"href":"https:\/\/moveupfashion.cz\/index.php?rest_route=%2Fwp%2Fv2%2Fproduct_cat&post=6753"},{"taxonomy":"product_tag","embeddable":true,"href":"https:\/\/moveupfashion.cz\/index.php?rest_route=%2Fwp%2Fv2%2Fproduct_tag&post=6753"}],"curies":[{"name":"wp","href":"https:\/\/api.w.org\/{rel}","templated":true}]}}