{"id":6172,"date":"2025-01-07T17:40:44","date_gmt":"2025-01-07T16:40:44","guid":{"rendered":"https:\/\/moveupfashion.cz\/?post_type=product&#038;p=6172"},"modified":"2025-01-07T17:54:46","modified_gmt":"2025-01-07T16:54:46","slug":"ko-e-inov-elenka-pol-rn-li-ka-andex-5","status":"publish","type":"product","link":"https:\/\/moveupfashion.cz\/?product=ko-e-inov-elenka-pol-rn-li-ka-andex-5","title":{"rendered":"KO\u017dE\u0160INOV\u00c1 MULTIFUNK\u010cN\u00cd \u010cELENKA\/L\u00cdMEC POL\u00c1RN\u00cd LI\u0160KA &#8222;ANDEX&#8220;"},"content":{"rendered":"<p>Multifunk\u010dn\u00ed \u010delenka\/ l\u00edmec\u00a0je lehk\u00e1 a kr\u00e1sn\u011b ozdob\u00ed \u0161aty, svetr, kab\u00e1t, \u010depici. Mu\u017eete j\u00ed pou\u017eivat jako m\u00e1l\u00fd l\u00edmec. Vep\u0159edu na konc\u00edch se ozdobn\u00e9 z\u00e1pinan\u00ed spojuje na such\u00fd z\u00edp.<\/p>\n<p>Pod\u0161\u00edvka\u00a0vnit\u0159n\u00ed obvod &#8211; 58cm<\/p>\n<p>vn\u011bj\u0161\u00ed obvod &#8211; 65cm<\/p>\n<p>vn\u011bj\u0161\u00ed \u0161\u00ed\u0159ka &#8211; 10cm<\/p>\n<p>100% nez\u00e1vadn\u00e1 a kvalitn\u00ed ko\u017ee\u0161ina<br \/>\n100% \u010desk\u00fd produkt<br \/>\n100% ru\u010dn\u00ed pr\u00e1ce<\/p>\n<p>Ko\u017ee\u0161inu skladovat v prody\u0161n\u00e9m l\u00e1tkov\u00e9m obalu nebo v pap\u00edrov\u00e9 krabici.<\/p>\n<p>Ko\u017ee\u0161inov\u00e9\u00a0v\u00fdrobky se nesm\u011bj\u00ed pr\u00e1t.<\/p>\n<p>V p\u0159\u00edpad\u011b, \u017ee V\u00e1m byla ko\u017ee\u0161ina zasl\u00e1na z\u00e1silkovou slu\u017ebou, m\u016f\u017ee b\u00fdt trochu poma\u010dkan\u00e1. Proto tento v\u00fdrobek opatrn\u011b vyjm\u011bte z obalu, prot\u0159epte a rozlo\u017een\u00fd v\u00fdrobek nechte 24 hod. narovnat. To plat\u00ed zejm\u00e9na pro ko\u017ee\u0161iny s dlouh\u00fdm vlasem (m\u00fdvalovec, li\u0161ka).<\/p>\n","protected":false},"excerpt":{"rendered":"<p>D\u00e1msk\u00e1 ko\u017ee\u0161inov\u00e1 multifunk\u010dn\u00ed \u010delenka\/ l\u00edmec z pol\u00e1rn\u00ed li\u0161ky obarven\u00e1 do tmav\u011b modr\u00e9 barvy.<\/p>\n","protected":false},"featured_media":6173,"comment_status":"open","ping_status":"closed","template":"","meta":[],"product_cat":[68,79],"product_tag":[],"_links":{"self":[{"href":"https:\/\/moveupfashion.cz\/index.php?rest_route=\/wp\/v2\/product\/6172"}],"collection":[{"href":"https:\/\/moveupfashion.cz\/index.php?rest_route=\/wp\/v2\/product"}],"about":[{"href":"https:\/\/moveupfashion.cz\/index.php?rest_route=\/wp\/v2\/types\/product"}],"replies":[{"embeddable":true,"href":"https:\/\/moveupfashion.cz\/index.php?rest_route=%2Fwp%2Fv2%2Fcomments&post=6172"}],"wp:featuredmedia":[{"embeddable":true,"href":"https:\/\/moveupfashion.cz\/index.php?rest_route=\/wp\/v2\/media\/6173"}],"wp:attachment":[{"href":"https:\/\/moveupfashion.cz\/index.php?rest_route=%2Fwp%2Fv2%2Fmedia&parent=6172"}],"wp:term":[{"taxonomy":"product_cat","embeddable":true,"href":"https:\/\/moveupfashion.cz\/index.php?rest_route=%2Fwp%2Fv2%2Fproduct_cat&post=6172"},{"taxonomy":"product_tag","embeddable":true,"href":"https:\/\/moveupfashion.cz\/index.php?rest_route=%2Fwp%2Fv2%2Fproduct_tag&post=6172"}],"curies":[{"name":"wp","href":"https:\/\/api.w.org\/{rel}","templated":true}]}}