{"id":33898,"date":"2026-02-25T13:54:22","date_gmt":"2026-02-25T12:54:22","guid":{"rendered":"https:\/\/moveupfashion.cz\/?post_type=product&#038;p=33898"},"modified":"2026-03-02T09:46:13","modified_gmt":"2026-03-02T08:46:13","slug":"damska-kozena-kabelka-andex-bila-4","status":"publish","type":"product","link":"https:\/\/moveupfashion.cz\/?product=damska-kozena-kabelka-andex-bila-4","title":{"rendered":"D\u00e1msk\u00e1 ko\u017een\u00e1 kabelka Andex \u2013 B\u00cdL\u00c1"},"content":{"rendered":"","protected":false},"excerpt":{"rendered":"<p>Barva: B\u00cdL\u00c1<\/p>\n<p>Styl: Ka\u017edodenn\u00ed<\/p>\n<p>Rozm\u011bry: d\u00e9lka \u00a045 cm, v\u00fd\u0161ka \u00a035 cm ,\u0161\u00ed\u0159ka 10.5cm<\/p>\n<p>Maxim\u00e1ln\u00ed d\u00e9lka popruh\u016f: 62 cm<\/p>\n<p>Po\u010det komor: 1 ( klop na magnet)<\/p>\n<p>Ur\u010den\u00ed: Ka\u017edodenn\u00ed<\/p>\n<p>Hlavn\u00ed zap\u00edn\u00e1n\u00ed na magnet<\/p>\n<p>Materi\u00e1l: pr\u00e1va k\u016f\u017ee<\/p>\n<p>Tuhost: M\u011bkk\u00fd<\/p>\n<p><strong>Vnit\u0159ek na kabelku se vyzna\u010duje praktick\u00fdm magnetick\u00fdm zap\u00edn\u00e1n\u00edm \u00a0pro rychl\u00fd p\u0159\u00edstup a v\u011bt\u0161\u00ed bezpe\u010dnost. Zvl\u00e1\u0161tn\u00edm l\u00e1kadlem je odn\u00edmateln\u00e1 semi\u0161ov\u00e1 kapsa se zap\u00edn\u00e1n\u00edm na patentku a ko\u017eenou \u0161\u0148\u016frkou \u2013 ide\u00e1ln\u00ed pro ulo\u017een\u00ed drobn\u00fdch p\u0159edm\u011bt\u016f, kl\u00ed\u010d\u016f nebo karet.<\/strong><strong>\u00a0Tato ta\u0161ka je praktickou a stylovou volbou do m\u011bsta, do pr\u00e1ce, na proch\u00e1zky i na cestov\u00e1n\u00ed.<\/strong><\/p>\n","protected":false},"featured_media":33876,"comment_status":"closed","ping_status":"closed","template":"","meta":[],"product_cat":[288],"product_tag":[],"_links":{"self":[{"href":"https:\/\/moveupfashion.cz\/index.php?rest_route=\/wp\/v2\/product\/33898"}],"collection":[{"href":"https:\/\/moveupfashion.cz\/index.php?rest_route=\/wp\/v2\/product"}],"about":[{"href":"https:\/\/moveupfashion.cz\/index.php?rest_route=\/wp\/v2\/types\/product"}],"replies":[{"embeddable":true,"href":"https:\/\/moveupfashion.cz\/index.php?rest_route=%2Fwp%2Fv2%2Fcomments&post=33898"}],"wp:featuredmedia":[{"embeddable":true,"href":"https:\/\/moveupfashion.cz\/index.php?rest_route=\/wp\/v2\/media\/33876"}],"wp:attachment":[{"href":"https:\/\/moveupfashion.cz\/index.php?rest_route=%2Fwp%2Fv2%2Fmedia&parent=33898"}],"wp:term":[{"taxonomy":"product_cat","embeddable":true,"href":"https:\/\/moveupfashion.cz\/index.php?rest_route=%2Fwp%2Fv2%2Fproduct_cat&post=33898"},{"taxonomy":"product_tag","embeddable":true,"href":"https:\/\/moveupfashion.cz\/index.php?rest_route=%2Fwp%2Fv2%2Fproduct_tag&post=33898"}],"curies":[{"name":"wp","href":"https:\/\/api.w.org\/{rel}","templated":true}]}}