{"id":33814,"date":"2026-02-25T11:18:08","date_gmt":"2026-02-25T10:18:08","guid":{"rendered":"https:\/\/moveupfashion.cz\/?post_type=product&#038;p=33814"},"modified":"2026-02-25T11:19:38","modified_gmt":"2026-02-25T10:19:38","slug":"kozeny-batoh-se-zipem-andex-zelena","status":"publish","type":"product","link":"https:\/\/moveupfashion.cz\/?product=kozeny-batoh-se-zipem-andex-zelena","title":{"rendered":"Ko\u017een\u00fd batoh se zipem Andex \u2013 ZELEN\u00c1"},"content":{"rendered":"","protected":false},"excerpt":{"rendered":"<p>Barva:ZELEN\u00c1<\/p>\n<p>Styl: Ka\u017edodenn\u00ed<\/p>\n<p>Rozm\u011bry: 34 x 36 cm, \u0161\u00ed\u0159ka 10cm<\/p>\n<p>Maxim\u00e1ln\u00ed d\u00e9lka popruh\u016f: 100 cm<\/p>\n<p>Vlastnosti: Skryt\u00e1 kapsa, vnit\u0159n\u00ed zipov\u00e1 kapsa, 1 \u00a0kapsa na vn\u011bj\u0161\u00ed stran\u011b zap\u00edn\u00e1n\u00ed\u00a0 na zip<\/p>\n<p>Hlavn\u00ed zap\u00edn\u00e1n\u00ed na zip<\/p>\n<p>Vnit\u0159n\u00ed zipov\u00e1 kapsa<\/p>\n<p>Po\u010det komor: 1 (kombinaci zipu)<\/p>\n<p>Ur\u010den\u00ed: Ka\u017edodenn\u00ed<\/p>\n<p>Proveden\u00ed: pr\u00e1va k\u016f\u017ee<\/p>\n<p>Tuhost: stredne tvrdy<\/p>\n<p><strong>Stylov\u00fd batoh je vynikaj\u00edc\u00ed volbou pro \u017eeny, kter\u00e9 si cen\u00ed elegance a funk\u010dnosti.<\/strong><\/p>\n<p><strong>Vyroben\u00fd z prav\u00e9 k\u016f\u017ei, zaji\u0161\u0165uje trvanlivost a modern\u00ed vzhled.<\/strong><\/p>\n<p><strong>Komora uzav\u00edrateln\u00e1 na zip zaru\u010duje bezpe\u010dnost ulo\u017een\u00fdch p\u0159edm\u011bt\u016f a z\u00e1rove\u0148 nab\u00edz\u00ed pohodln\u00fd p\u0159\u00edstup k obsahu.<\/strong><\/p>\n<p><strong>M\u00e1 spoustu chytr\u00fdch kapes \u2013 1 \u00a0kapsa na vn\u011bj\u0161\u00ed stran\u011b zap\u00edn\u00e1n\u00ed\u00a0 na zip, skryt\u00e1 kapsa na z\u00e1dech zap\u00edn\u00e1n\u00ed na zip, Ide\u00e1ln\u00ed par\u0165\u00e1k na v\u00fdlety, cesty i ka\u017edodenn\u00ed p\u0159esuny.<\/strong><\/p>\n","protected":false},"featured_media":33799,"comment_status":"closed","ping_status":"closed","template":"","meta":[],"product_cat":[290],"product_tag":[],"_links":{"self":[{"href":"https:\/\/moveupfashion.cz\/index.php?rest_route=\/wp\/v2\/product\/33814"}],"collection":[{"href":"https:\/\/moveupfashion.cz\/index.php?rest_route=\/wp\/v2\/product"}],"about":[{"href":"https:\/\/moveupfashion.cz\/index.php?rest_route=\/wp\/v2\/types\/product"}],"replies":[{"embeddable":true,"href":"https:\/\/moveupfashion.cz\/index.php?rest_route=%2Fwp%2Fv2%2Fcomments&post=33814"}],"wp:featuredmedia":[{"embeddable":true,"href":"https:\/\/moveupfashion.cz\/index.php?rest_route=\/wp\/v2\/media\/33799"}],"wp:attachment":[{"href":"https:\/\/moveupfashion.cz\/index.php?rest_route=%2Fwp%2Fv2%2Fmedia&parent=33814"}],"wp:term":[{"taxonomy":"product_cat","embeddable":true,"href":"https:\/\/moveupfashion.cz\/index.php?rest_route=%2Fwp%2Fv2%2Fproduct_cat&post=33814"},{"taxonomy":"product_tag","embeddable":true,"href":"https:\/\/moveupfashion.cz\/index.php?rest_route=%2Fwp%2Fv2%2Fproduct_tag&post=33814"}],"curies":[{"name":"wp","href":"https:\/\/api.w.org\/{rel}","templated":true}]}}