{"id":33790,"date":"2026-02-23T16:48:58","date_gmt":"2026-02-23T15:48:58","guid":{"rendered":"https:\/\/moveupfashion.cz\/?post_type=product&#038;p=33790"},"modified":"2026-02-23T16:56:50","modified_gmt":"2026-02-23T15:56:50","slug":"damska-vesta-z-umele-kozesiny","status":"publish","type":"product","link":"https:\/\/moveupfashion.cz\/?product=damska-vesta-z-umele-kozesiny","title":{"rendered":"D\u00c1MSK\u00c1 VESTA Z UM\u011aL\u00c9 KO\u017dE\u0160INY"},"content":{"rendered":"<p>Vesta bez ruk\u00e1v\u016f pro \u017eeny, Podzimn\u00ed\/zimn\u00ed styl, pro ka\u017edodenn\u00ed, neform\u00e1ln\u00ed, kancel\u00e1\u0159sk\u00e9 a cestovn\u00ed outfity<\/p>\n<p>Vestu je mo\u017en\u00e9 vyrobit na m\u00edru na zak\u00e1zku.<\/p>\n<p>&nbsp;<\/p>\n","protected":false},"excerpt":{"rendered":"<p>Vesta bez ruk\u00e1v\u016f pro \u017eeny, pro ka\u017edodenn\u00ed, neform\u00e1ln\u00ed, kancel\u00e1\u0159sk\u00e9 a cestovn\u00ed outfity.<br \/>\nVesta z um\u011bl\u00e9 ko\u017ee\u0161iny. Univerz\u00e1ln\u00ed styl.<br \/>\nVelikost na \u0161t\u00edtku je UNI. Podle na\u0161\u00ed tabulky velikost\u00ed odpov\u00edd\u00e1 M\/L<br \/>\nVestu je mo\u017en\u00e9 vyrobit na m\u00edru na zak\u00e1zku<br \/>\nZap\u00edn\u00e1n\u00ed: Plastov\u00fd knofl\u00edk<br \/>\nKapsy: ANO<br \/>\nKapuca: NE<br \/>\nD\u00e9lka: 56 cm<br \/>\nMateri\u00e1l: PU\/ imitace ber\u00e1nka<br \/>\nBarva: Hn\u011bd\u00e1<\/p>\n<p>Vestu je mo\u017en\u00e9 vyrobitna m\u00edru na zak\u00e1zku<\/p>\n","protected":false},"featured_media":33791,"comment_status":"open","ping_status":"closed","template":"","meta":[],"product_cat":[213,15,208],"product_tag":[],"_links":{"self":[{"href":"https:\/\/moveupfashion.cz\/index.php?rest_route=\/wp\/v2\/product\/33790"}],"collection":[{"href":"https:\/\/moveupfashion.cz\/index.php?rest_route=\/wp\/v2\/product"}],"about":[{"href":"https:\/\/moveupfashion.cz\/index.php?rest_route=\/wp\/v2\/types\/product"}],"replies":[{"embeddable":true,"href":"https:\/\/moveupfashion.cz\/index.php?rest_route=%2Fwp%2Fv2%2Fcomments&post=33790"}],"wp:featuredmedia":[{"embeddable":true,"href":"https:\/\/moveupfashion.cz\/index.php?rest_route=\/wp\/v2\/media\/33791"}],"wp:attachment":[{"href":"https:\/\/moveupfashion.cz\/index.php?rest_route=%2Fwp%2Fv2%2Fmedia&parent=33790"}],"wp:term":[{"taxonomy":"product_cat","embeddable":true,"href":"https:\/\/moveupfashion.cz\/index.php?rest_route=%2Fwp%2Fv2%2Fproduct_cat&post=33790"},{"taxonomy":"product_tag","embeddable":true,"href":"https:\/\/moveupfashion.cz\/index.php?rest_route=%2Fwp%2Fv2%2Fproduct_tag&post=33790"}],"curies":[{"name":"wp","href":"https:\/\/api.w.org\/{rel}","templated":true}]}}