{"id":33782,"date":"2026-02-20T18:35:49","date_gmt":"2026-02-20T17:35:49","guid":{"rendered":"https:\/\/moveupfashion.cz\/?post_type=product&#038;p=33782"},"modified":"2026-02-23T09:31:29","modified_gmt":"2026-02-23T08:31:29","slug":"damska-dlouha-vesta-z-umele-kozesiny","status":"publish","type":"product","link":"https:\/\/moveupfashion.cz\/?product=damska-dlouha-vesta-z-umele-kozesiny","title":{"rendered":"D\u00c1MSK\u00c1 DLOUH\u00c1 VESTA Z UM\u011aL\u00c9 KO\u017dE\u0160INY"},"content":{"rendered":"<p>Dlouh\u00e1 ply\u0161ov\u00e1 vesta bez ruk\u00e1v\u016f pro \u017eeny, Podzimn\u00ed\/zimn\u00ed styl, pro ka\u017edodenn\u00ed, neform\u00e1ln\u00ed, kancel\u00e1\u0159sk\u00e9 a cestovn\u00ed outfity<\/p>\n<p>Vestu je mo\u017en\u00e9 vyrobit na m\u00edru na zak\u00e1zku.<\/p>\n<p>&nbsp;<\/p>\n","protected":false},"excerpt":{"rendered":"<p>Vesta z um\u011bl\u00e9 ko\u017ee\u0161iny. Univerz\u00e1ln\u00ed styl.<\/p>\n<div class=\"detail-info-section\">\n<div class=\"DetailSize\">\n<div class=\"size-info\">Velikost na \u0161t\u00edtku je UNI. Podle na\u0161\u00ed <span id=\"sizes-table\" class=\"text-underline cursor-pointer\">tabulky velikost\u00ed<\/span> odpov\u00edd\u00e1 M\/L<\/div>\n<div>\n<p>Zap\u00edn\u00e1n\u00ed: NE<\/p>\n<p>Kapsy: ANO<\/p>\n<p>Kapuca: ANO<\/p>\n<p>D\u00e9lka: 90 cm<\/p>\n<\/div>\n<\/div>\n<\/div>\n<div class=\"detail-info-section\">\n<div class=\"DetailOptions\">\n<div class=\"text-info-wrapper\">\n<p>Materi\u00e1l: PU\/ imitace ber\u00e1nka<\/p>\n<\/div>\n<div class=\"text-info-wrapper\">\n<p>Barva: Hn\u011bd\u00e1<\/p>\n<div>Vestu je mo\u017en\u00e9 vyrobitna m\u00edru na zak\u00e1zku<\/div>\n<\/div>\n<\/div>\n<\/div>\n","protected":false},"featured_media":33786,"comment_status":"open","ping_status":"closed","template":"","meta":[],"product_cat":[213,15,208],"product_tag":[],"_links":{"self":[{"href":"https:\/\/moveupfashion.cz\/index.php?rest_route=\/wp\/v2\/product\/33782"}],"collection":[{"href":"https:\/\/moveupfashion.cz\/index.php?rest_route=\/wp\/v2\/product"}],"about":[{"href":"https:\/\/moveupfashion.cz\/index.php?rest_route=\/wp\/v2\/types\/product"}],"replies":[{"embeddable":true,"href":"https:\/\/moveupfashion.cz\/index.php?rest_route=%2Fwp%2Fv2%2Fcomments&post=33782"}],"wp:featuredmedia":[{"embeddable":true,"href":"https:\/\/moveupfashion.cz\/index.php?rest_route=\/wp\/v2\/media\/33786"}],"wp:attachment":[{"href":"https:\/\/moveupfashion.cz\/index.php?rest_route=%2Fwp%2Fv2%2Fmedia&parent=33782"}],"wp:term":[{"taxonomy":"product_cat","embeddable":true,"href":"https:\/\/moveupfashion.cz\/index.php?rest_route=%2Fwp%2Fv2%2Fproduct_cat&post=33782"},{"taxonomy":"product_tag","embeddable":true,"href":"https:\/\/moveupfashion.cz\/index.php?rest_route=%2Fwp%2Fv2%2Fproduct_tag&post=33782"}],"curies":[{"name":"wp","href":"https:\/\/api.w.org\/{rel}","templated":true}]}}