{"id":33684,"date":"2025-10-27T19:00:52","date_gmt":"2025-10-27T18:00:52","guid":{"rendered":"https:\/\/moveupfashion.cz\/?post_type=product&#038;p=33684"},"modified":"2025-10-27T20:00:02","modified_gmt":"2025-10-27T19:00:02","slug":"kozesinovy-lem-na-kapuci-myval-finsky-andex-kopirovat","status":"publish","type":"product","link":"https:\/\/moveupfashion.cz\/?product=kozesinovy-lem-na-kapuci-myval-finsky-andex-kopirovat","title":{"rendered":"KO\u017dE\u0160INOV\u00dd LEM NA KAPUCI &#8211; M\u00ddVAL FINSK\u00dd &#8211; &#8222;ANDEX&#8220;"},"content":{"rendered":"<div class=\"letter letter_priority_3 letter_unread_false letter_attach_true letter_single letter_first letter_last letter_fluid letter_sticky letter_native-sticky letter_hover-support letter_expanded-next letter_light-mode\">\n<div class=\"letter__body\">\n<div class=\"letter-body\">\n<div class=\"letter-body__body\">\n<div class=\"letter-body__body-wrapper\">\n<div class=\"letter-body__body-content\" tabindex=\"-1\">\n<div class=\"html-parser\">\n<div class=\"html-fishing\">\n<div class=\"html-expander\">\n<div class=\"js-helper js-readmsg-msg\">\n<div>\n<div id=\"style_16105654220009338450_BODY\">\n<div class=\"cl_623534\">\n<div>\n<\/div>\n<\/div>\n<\/div>\n<\/div>\n<\/div>\n<\/div>\n<\/div>\n<\/div>\n<\/div>\n<\/div>\n<\/div>\n<\/div>\n<\/div>\n<div class=\"letter__footer letter__footer_sticky\">\n<div class=\"letter__footer-background\">\n<div class=\"letter__footer-buttons\">\n<div class=\"letter__footer-left\"><\/div>\n<\/div>\n<div class=\"letter__smart-replies ready\"><\/div>\n<\/div>\n<\/div>\n<\/div>\n<p>Ko\u017ee\u0161inu skladovat v prody\u0161n\u00e9m l\u00e1tkov\u00e9m obalu nebo v pap\u00edrov\u00e9 krabici.<\/p>\n<p>Ko\u017ee\u0161inov\u00e9 v\u00fdrobky se nesm\u011bj\u00ed pr\u00e1t.<\/p>\n<p>V p\u0159\u00edpad\u011b, \u017ee V\u00e1m byla ko\u017ee\u0161ina zasl\u00e1na z\u00e1silkovou slu\u017ebou, m\u016f\u017ee b\u00fdt trochu poma\u010dkan\u00e1. Proto tento v\u00fdrobek opatrn\u011b vyjm\u011bte z obalu, prot\u0159epte a rozlo\u017een\u00fd v\u00fdrobek nechte 24 hod. narovnat. To plat\u00ed zejm\u00e9na pro ko\u017ee\u0161iny s dlouh\u00fdm vlasem (m\u00fdvalovec, li\u0161ka).<\/p>\n","protected":false},"excerpt":{"rendered":"<p>Ve vnit\u0159 je um\u00edst\u011bno 7 poutek na knofl\u00edky.<\/p>\n<p>Barva: o\u0159ech \/ mel\u00edr<\/p>\n<p>Pod\u0161\u00edvka vnit\u0159n\u00ed obvod \u2013 72 cm<\/p>\n<p>Vn\u011bj\u0161\u00ed obvod: 80 \u2013 85 cm<\/p>\n<p>Vn\u011bj\u0161\u00ed \u0161\u00ed\u0159ka: 12 \u2013 15 cm<\/p>\n<p>100% ko\u017ee\u0161ina<\/p>\n<p>100% \u010desk\u00fd produkt<\/p>\n<p>100% ru\u010dn\u00ed pr\u00e1ce<\/p>\n","protected":false},"featured_media":33700,"comment_status":"open","ping_status":"closed","template":"","meta":[],"product_cat":[69,82],"product_tag":[],"_links":{"self":[{"href":"https:\/\/moveupfashion.cz\/index.php?rest_route=\/wp\/v2\/product\/33684"}],"collection":[{"href":"https:\/\/moveupfashion.cz\/index.php?rest_route=\/wp\/v2\/product"}],"about":[{"href":"https:\/\/moveupfashion.cz\/index.php?rest_route=\/wp\/v2\/types\/product"}],"replies":[{"embeddable":true,"href":"https:\/\/moveupfashion.cz\/index.php?rest_route=%2Fwp%2Fv2%2Fcomments&post=33684"}],"wp:featuredmedia":[{"embeddable":true,"href":"https:\/\/moveupfashion.cz\/index.php?rest_route=\/wp\/v2\/media\/33700"}],"wp:attachment":[{"href":"https:\/\/moveupfashion.cz\/index.php?rest_route=%2Fwp%2Fv2%2Fmedia&parent=33684"}],"wp:term":[{"taxonomy":"product_cat","embeddable":true,"href":"https:\/\/moveupfashion.cz\/index.php?rest_route=%2Fwp%2Fv2%2Fproduct_cat&post=33684"},{"taxonomy":"product_tag","embeddable":true,"href":"https:\/\/moveupfashion.cz\/index.php?rest_route=%2Fwp%2Fv2%2Fproduct_tag&post=33684"}],"curies":[{"name":"wp","href":"https:\/\/api.w.org\/{rel}","templated":true}]}}