{"id":33590,"date":"2025-05-17T14:25:16","date_gmt":"2025-05-17T12:25:16","guid":{"rendered":"https:\/\/moveupfashion.cz\/?post_type=product&#038;p=33590"},"modified":"2025-05-17T14:26:14","modified_gmt":"2025-05-17T12:26:14","slug":"lneny-batoh-andex-prirodni","status":"publish","type":"product","link":"https:\/\/moveupfashion.cz\/?product=lneny-batoh-andex-prirodni","title":{"rendered":"Ln\u011bn\u00fd batoh Andex \u2013 p\u0159\u00edrodn\u00ed"},"content":{"rendered":"","protected":false},"excerpt":{"rendered":"<p>Elegantn\u00ed kabelka Andex.<\/p>\n<p>Rozm\u011bry: v\u00fd\u0161ka 40 cm, \u0161\u00ed\u0159ka 37 cm, hloubka 20 cm<\/p>\n<p>Materi\u00e1l: 100% len<\/p>\n","protected":false},"featured_media":33591,"comment_status":"closed","ping_status":"closed","template":"","meta":[],"product_cat":[290],"product_tag":[],"_links":{"self":[{"href":"https:\/\/moveupfashion.cz\/index.php?rest_route=\/wp\/v2\/product\/33590"}],"collection":[{"href":"https:\/\/moveupfashion.cz\/index.php?rest_route=\/wp\/v2\/product"}],"about":[{"href":"https:\/\/moveupfashion.cz\/index.php?rest_route=\/wp\/v2\/types\/product"}],"replies":[{"embeddable":true,"href":"https:\/\/moveupfashion.cz\/index.php?rest_route=%2Fwp%2Fv2%2Fcomments&post=33590"}],"wp:featuredmedia":[{"embeddable":true,"href":"https:\/\/moveupfashion.cz\/index.php?rest_route=\/wp\/v2\/media\/33591"}],"wp:attachment":[{"href":"https:\/\/moveupfashion.cz\/index.php?rest_route=%2Fwp%2Fv2%2Fmedia&parent=33590"}],"wp:term":[{"taxonomy":"product_cat","embeddable":true,"href":"https:\/\/moveupfashion.cz\/index.php?rest_route=%2Fwp%2Fv2%2Fproduct_cat&post=33590"},{"taxonomy":"product_tag","embeddable":true,"href":"https:\/\/moveupfashion.cz\/index.php?rest_route=%2Fwp%2Fv2%2Fproduct_tag&post=33590"}],"curies":[{"name":"wp","href":"https:\/\/api.w.org\/{rel}","templated":true}]}}