{"id":33553,"date":"2025-05-11T20:37:35","date_gmt":"2025-05-11T18:37:35","guid":{"rendered":"https:\/\/moveupfashion.cz\/?post_type=product&#038;p=33553"},"modified":"2025-05-11T20:41:43","modified_gmt":"2025-05-11T18:41:43","slug":"crossbody-kabelka-andex-z-prave-kuze-zelena-4","status":"publish","type":"product","link":"https:\/\/moveupfashion.cz\/?product=crossbody-kabelka-andex-z-prave-kuze-zelena-4","title":{"rendered":"Crossbody kabelka Andex z prav\u00e9 k\u016f\u017ee \u2013 zelen\u00e1"},"content":{"rendered":"","protected":false},"excerpt":{"rendered":"<p>Elegantn\u00ed kabelka Andex.<\/p>\n<p>Rozm\u011bry: v\u00fd\u0161ka 20 cm, \u0161\u00ed\u0159ka 12 cm,<\/p>\n<p>Materi\u00e1l: 100% p\u0159\u00edrodn\u00ed k\u016f\u017ee<\/p>\n","protected":false},"featured_media":33561,"comment_status":"closed","ping_status":"closed","template":"","meta":[],"product_cat":[289],"product_tag":[],"_links":{"self":[{"href":"https:\/\/moveupfashion.cz\/index.php?rest_route=\/wp\/v2\/product\/33553"}],"collection":[{"href":"https:\/\/moveupfashion.cz\/index.php?rest_route=\/wp\/v2\/product"}],"about":[{"href":"https:\/\/moveupfashion.cz\/index.php?rest_route=\/wp\/v2\/types\/product"}],"replies":[{"embeddable":true,"href":"https:\/\/moveupfashion.cz\/index.php?rest_route=%2Fwp%2Fv2%2Fcomments&post=33553"}],"wp:featuredmedia":[{"embeddable":true,"href":"https:\/\/moveupfashion.cz\/index.php?rest_route=\/wp\/v2\/media\/33561"}],"wp:attachment":[{"href":"https:\/\/moveupfashion.cz\/index.php?rest_route=%2Fwp%2Fv2%2Fmedia&parent=33553"}],"wp:term":[{"taxonomy":"product_cat","embeddable":true,"href":"https:\/\/moveupfashion.cz\/index.php?rest_route=%2Fwp%2Fv2%2Fproduct_cat&post=33553"},{"taxonomy":"product_tag","embeddable":true,"href":"https:\/\/moveupfashion.cz\/index.php?rest_route=%2Fwp%2Fv2%2Fproduct_tag&post=33553"}],"curies":[{"name":"wp","href":"https:\/\/api.w.org\/{rel}","templated":true}]}}