{"id":33540,"date":"2025-05-02T19:35:10","date_gmt":"2025-05-02T17:35:10","guid":{"rendered":"https:\/\/moveupfashion.cz\/?post_type=product&#038;p=33540"},"modified":"2025-05-02T19:37:12","modified_gmt":"2025-05-02T17:37:12","slug":"damska-lnena-taska-andex-seda-2","status":"publish","type":"product","link":"https:\/\/moveupfashion.cz\/?product=damska-lnena-taska-andex-seda-2","title":{"rendered":"D\u00e1msk\u00e1 ln\u011bn\u00e1 ta\u0161ka Andex \u2013 \u0161ed\u00e1"},"content":{"rendered":"","protected":false},"excerpt":{"rendered":"<p>Elegantn\u00ed kabelka Andex.<\/p>\n<p>Rozm\u011bry: v\u00fd\u0161ka 30 cm, \u0161\u00ed\u0159ka 50 cm, hloubka spodn\u00ed \u010d\u00e1sti 20 cm<\/p>\n<p>Materi\u00e1l: 100% len, 100% p\u0159\u00edrodn\u00ed k\u016f\u017ee<\/p>\n","protected":false},"featured_media":33548,"comment_status":"closed","ping_status":"closed","template":"","meta":[],"product_cat":[328],"product_tag":[],"_links":{"self":[{"href":"https:\/\/moveupfashion.cz\/index.php?rest_route=\/wp\/v2\/product\/33540"}],"collection":[{"href":"https:\/\/moveupfashion.cz\/index.php?rest_route=\/wp\/v2\/product"}],"about":[{"href":"https:\/\/moveupfashion.cz\/index.php?rest_route=\/wp\/v2\/types\/product"}],"replies":[{"embeddable":true,"href":"https:\/\/moveupfashion.cz\/index.php?rest_route=%2Fwp%2Fv2%2Fcomments&post=33540"}],"wp:featuredmedia":[{"embeddable":true,"href":"https:\/\/moveupfashion.cz\/index.php?rest_route=\/wp\/v2\/media\/33548"}],"wp:attachment":[{"href":"https:\/\/moveupfashion.cz\/index.php?rest_route=%2Fwp%2Fv2%2Fmedia&parent=33540"}],"wp:term":[{"taxonomy":"product_cat","embeddable":true,"href":"https:\/\/moveupfashion.cz\/index.php?rest_route=%2Fwp%2Fv2%2Fproduct_cat&post=33540"},{"taxonomy":"product_tag","embeddable":true,"href":"https:\/\/moveupfashion.cz\/index.php?rest_route=%2Fwp%2Fv2%2Fproduct_tag&post=33540"}],"curies":[{"name":"wp","href":"https:\/\/api.w.org\/{rel}","templated":true}]}}