{"id":33506,"date":"2025-04-13T19:49:30","date_gmt":"2025-04-13T17:49:30","guid":{"rendered":"https:\/\/moveupfashion.cz\/?post_type=product&#038;p=33506"},"modified":"2025-04-14T20:11:09","modified_gmt":"2025-04-14T18:11:09","slug":"damsky-kozeny-opasek-cerny-5","status":"publish","type":"product","link":"https:\/\/moveupfashion.cz\/?product=damsky-kozeny-opasek-cerny-5","title":{"rendered":"KO\u017dEN\u00dd PASEK NA \u0160ATY &#8211; \u010cERN\u00dd"},"content":{"rendered":"","protected":false},"excerpt":{"rendered":"<div>D\u00e9lka: 89-100cm<\/div>\n<div>Materi\u00e1l 100% k\u016f\u017ee<\/div>\n<div>\n<p>Ko\u017een\u00fd pasek na \u0161aty s mo\u017enost\u00ed nastaviteln\u00e9 velikosti<\/p>\n<\/div>\n","protected":false},"featured_media":33527,"comment_status":"closed","ping_status":"closed","template":"","meta":[],"product_cat":[292,93],"product_tag":[],"_links":{"self":[{"href":"https:\/\/moveupfashion.cz\/index.php?rest_route=\/wp\/v2\/product\/33506"}],"collection":[{"href":"https:\/\/moveupfashion.cz\/index.php?rest_route=\/wp\/v2\/product"}],"about":[{"href":"https:\/\/moveupfashion.cz\/index.php?rest_route=\/wp\/v2\/types\/product"}],"replies":[{"embeddable":true,"href":"https:\/\/moveupfashion.cz\/index.php?rest_route=%2Fwp%2Fv2%2Fcomments&post=33506"}],"wp:featuredmedia":[{"embeddable":true,"href":"https:\/\/moveupfashion.cz\/index.php?rest_route=\/wp\/v2\/media\/33527"}],"wp:attachment":[{"href":"https:\/\/moveupfashion.cz\/index.php?rest_route=%2Fwp%2Fv2%2Fmedia&parent=33506"}],"wp:term":[{"taxonomy":"product_cat","embeddable":true,"href":"https:\/\/moveupfashion.cz\/index.php?rest_route=%2Fwp%2Fv2%2Fproduct_cat&post=33506"},{"taxonomy":"product_tag","embeddable":true,"href":"https:\/\/moveupfashion.cz\/index.php?rest_route=%2Fwp%2Fv2%2Fproduct_tag&post=33506"}],"curies":[{"name":"wp","href":"https:\/\/api.w.org\/{rel}","templated":true}]}}