{"id":33500,"date":"2025-04-13T19:49:29","date_gmt":"2025-04-13T17:49:29","guid":{"rendered":"https:\/\/moveupfashion.cz\/?post_type=product&#038;p=33500"},"modified":"2025-04-14T20:10:37","modified_gmt":"2025-04-14T18:10:37","slug":"damsky-kozeny-opasek-cerveny-2","status":"publish","type":"product","link":"https:\/\/moveupfashion.cz\/?product=damsky-kozeny-opasek-cerveny-2","title":{"rendered":"KO\u017dEN\u00dd PASEK NA \u0160ATY &#8211; \u010cERVEN\u00dd"},"content":{"rendered":"","protected":false},"excerpt":{"rendered":"<div>D\u00e9lka: 89-100cm<\/div>\n<div>Materi\u00e1l 100% k\u016f\u017ee<\/div>\n<div>\n<p>Ko\u017een\u00fd pasek na \u0161aty s mo\u017enost\u00ed nastaviteln\u00e9 velikosti<\/p>\n<\/div>\n","protected":false},"featured_media":33513,"comment_status":"closed","ping_status":"closed","template":"","meta":[],"product_cat":[292,93],"product_tag":[],"_links":{"self":[{"href":"https:\/\/moveupfashion.cz\/index.php?rest_route=\/wp\/v2\/product\/33500"}],"collection":[{"href":"https:\/\/moveupfashion.cz\/index.php?rest_route=\/wp\/v2\/product"}],"about":[{"href":"https:\/\/moveupfashion.cz\/index.php?rest_route=\/wp\/v2\/types\/product"}],"replies":[{"embeddable":true,"href":"https:\/\/moveupfashion.cz\/index.php?rest_route=%2Fwp%2Fv2%2Fcomments&post=33500"}],"wp:featuredmedia":[{"embeddable":true,"href":"https:\/\/moveupfashion.cz\/index.php?rest_route=\/wp\/v2\/media\/33513"}],"wp:attachment":[{"href":"https:\/\/moveupfashion.cz\/index.php?rest_route=%2Fwp%2Fv2%2Fmedia&parent=33500"}],"wp:term":[{"taxonomy":"product_cat","embeddable":true,"href":"https:\/\/moveupfashion.cz\/index.php?rest_route=%2Fwp%2Fv2%2Fproduct_cat&post=33500"},{"taxonomy":"product_tag","embeddable":true,"href":"https:\/\/moveupfashion.cz\/index.php?rest_route=%2Fwp%2Fv2%2Fproduct_tag&post=33500"}],"curies":[{"name":"wp","href":"https:\/\/api.w.org\/{rel}","templated":true}]}}