{"id":33302,"date":"2025-02-02T13:26:55","date_gmt":"2025-02-02T12:26:55","guid":{"rendered":"https:\/\/moveupfashion.cz\/?post_type=product&#038;p=33302"},"modified":"2025-02-02T13:35:04","modified_gmt":"2025-02-02T12:35:04","slug":"damska-kozena-kabelka-andex-hneda-6","status":"publish","type":"product","link":"https:\/\/moveupfashion.cz\/?product=damska-kozena-kabelka-andex-hneda-6","title":{"rendered":"D\u00e1msk\u00e1 ko\u017een\u00e1 kabelka Andex \u2013 hn\u011bd\u00e1"},"content":{"rendered":"<p>Kabelka ru\u010dn\u011b vyroben\u00e1 z nejkvalitn\u011bj\u0161\u00ed italsk\u00e9 prav\u00e9 k\u016f\u017ee.<\/p>\n","protected":false},"excerpt":{"rendered":"<p>Rozm\u011bry: d\u00e9lka 37 cm, \u0161\u00ed\u0159ka 21 cm, hloubka 16 cm<\/p>\n<p>Materi\u00e1l: p\u0159\u00edrodn\u00ed k\u016f\u017ee<\/p>\n","protected":false},"featured_media":33321,"comment_status":"closed","ping_status":"closed","template":"","meta":[],"product_cat":[288],"product_tag":[],"_links":{"self":[{"href":"https:\/\/moveupfashion.cz\/index.php?rest_route=\/wp\/v2\/product\/33302"}],"collection":[{"href":"https:\/\/moveupfashion.cz\/index.php?rest_route=\/wp\/v2\/product"}],"about":[{"href":"https:\/\/moveupfashion.cz\/index.php?rest_route=\/wp\/v2\/types\/product"}],"replies":[{"embeddable":true,"href":"https:\/\/moveupfashion.cz\/index.php?rest_route=%2Fwp%2Fv2%2Fcomments&post=33302"}],"wp:featuredmedia":[{"embeddable":true,"href":"https:\/\/moveupfashion.cz\/index.php?rest_route=\/wp\/v2\/media\/33321"}],"wp:attachment":[{"href":"https:\/\/moveupfashion.cz\/index.php?rest_route=%2Fwp%2Fv2%2Fmedia&parent=33302"}],"wp:term":[{"taxonomy":"product_cat","embeddable":true,"href":"https:\/\/moveupfashion.cz\/index.php?rest_route=%2Fwp%2Fv2%2Fproduct_cat&post=33302"},{"taxonomy":"product_tag","embeddable":true,"href":"https:\/\/moveupfashion.cz\/index.php?rest_route=%2Fwp%2Fv2%2Fproduct_tag&post=33302"}],"curies":[{"name":"wp","href":"https:\/\/api.w.org\/{rel}","templated":true}]}}