{"id":33299,"date":"2025-02-02T13:26:54","date_gmt":"2025-02-02T12:26:54","guid":{"rendered":"https:\/\/moveupfashion.cz\/?post_type=product&#038;p=33299"},"modified":"2025-02-02T13:35:14","modified_gmt":"2025-02-02T12:35:14","slug":"kozeny-batoh-zelva-andex-cerny","status":"publish","type":"product","link":"https:\/\/moveupfashion.cz\/?product=kozeny-batoh-zelva-andex-cerny","title":{"rendered":"Ko\u017een\u00fd batoh \u017eelva &#8211; Andex &#8211; \u010dern\u00fd"},"content":{"rendered":"","protected":false},"excerpt":{"rendered":"<p>Elegantn\u00ed d\u00e1msk\u00e9 batoh z pr\u00e1v\u00e9 k\u016f\u017ee.<\/p>\n<p>Rozm\u011bry: v\u00fd\u0161ka 37 cm, \u0161\u00ed\u0159ka 30 cm, hloubka 10 cm<\/p>\n<p>Materi\u00e1l \u2013 100% k\u016f\u017ee<\/p>\n","protected":false},"featured_media":33309,"comment_status":"closed","ping_status":"closed","template":"","meta":[],"product_cat":[290],"product_tag":[],"_links":{"self":[{"href":"https:\/\/moveupfashion.cz\/index.php?rest_route=\/wp\/v2\/product\/33299"}],"collection":[{"href":"https:\/\/moveupfashion.cz\/index.php?rest_route=\/wp\/v2\/product"}],"about":[{"href":"https:\/\/moveupfashion.cz\/index.php?rest_route=\/wp\/v2\/types\/product"}],"replies":[{"embeddable":true,"href":"https:\/\/moveupfashion.cz\/index.php?rest_route=%2Fwp%2Fv2%2Fcomments&post=33299"}],"wp:featuredmedia":[{"embeddable":true,"href":"https:\/\/moveupfashion.cz\/index.php?rest_route=\/wp\/v2\/media\/33309"}],"wp:attachment":[{"href":"https:\/\/moveupfashion.cz\/index.php?rest_route=%2Fwp%2Fv2%2Fmedia&parent=33299"}],"wp:term":[{"taxonomy":"product_cat","embeddable":true,"href":"https:\/\/moveupfashion.cz\/index.php?rest_route=%2Fwp%2Fv2%2Fproduct_cat&post=33299"},{"taxonomy":"product_tag","embeddable":true,"href":"https:\/\/moveupfashion.cz\/index.php?rest_route=%2Fwp%2Fv2%2Fproduct_tag&post=33299"}],"curies":[{"name":"wp","href":"https:\/\/api.w.org\/{rel}","templated":true}]}}