{"id":33236,"date":"2025-01-17T13:05:52","date_gmt":"2025-01-17T12:05:52","guid":{"rendered":"https:\/\/moveupfashion.cz\/?post_type=product&#038;p=33236"},"modified":"2025-01-17T13:12:48","modified_gmt":"2025-01-17T12:12:48","slug":"damska-kozena-ledvinka-andex-z-prave-kuze-hneda-7","status":"publish","type":"product","link":"https:\/\/moveupfashion.cz\/?product=damska-kozena-ledvinka-andex-z-prave-kuze-hneda-7","title":{"rendered":"D\u00e1msk\u00e1 ko\u017een\u00e1 ledvinka Andex z prav\u00e9 k\u016f\u017ee &#8211; hn\u011bd\u00e1"},"content":{"rendered":"","protected":false},"excerpt":{"rendered":"<p>D\u00e1msk\u00e1 modn\u00ed ko\u017een\u00e1 ledvinka Andex z prav\u00e9 k\u016f\u017ee (nem\u00e1 podklad).<\/p>\n<p>Rozm\u011bry: \u0160\u00ed\u0159ka 25 cm, v\u00fd\u0161ka 16 cm, hloubka 5 cm<\/p>\n<p>Materi\u00e1l: p\u0159\u00edrodn\u00ed k\u016f\u017ee<\/p>\n","protected":false},"featured_media":33265,"comment_status":"closed","ping_status":"closed","template":"","meta":[],"product_cat":[291],"product_tag":[],"_links":{"self":[{"href":"https:\/\/moveupfashion.cz\/index.php?rest_route=\/wp\/v2\/product\/33236"}],"collection":[{"href":"https:\/\/moveupfashion.cz\/index.php?rest_route=\/wp\/v2\/product"}],"about":[{"href":"https:\/\/moveupfashion.cz\/index.php?rest_route=\/wp\/v2\/types\/product"}],"replies":[{"embeddable":true,"href":"https:\/\/moveupfashion.cz\/index.php?rest_route=%2Fwp%2Fv2%2Fcomments&post=33236"}],"wp:featuredmedia":[{"embeddable":true,"href":"https:\/\/moveupfashion.cz\/index.php?rest_route=\/wp\/v2\/media\/33265"}],"wp:attachment":[{"href":"https:\/\/moveupfashion.cz\/index.php?rest_route=%2Fwp%2Fv2%2Fmedia&parent=33236"}],"wp:term":[{"taxonomy":"product_cat","embeddable":true,"href":"https:\/\/moveupfashion.cz\/index.php?rest_route=%2Fwp%2Fv2%2Fproduct_cat&post=33236"},{"taxonomy":"product_tag","embeddable":true,"href":"https:\/\/moveupfashion.cz\/index.php?rest_route=%2Fwp%2Fv2%2Fproduct_tag&post=33236"}],"curies":[{"name":"wp","href":"https:\/\/api.w.org\/{rel}","templated":true}]}}