{"id":33204,"date":"2025-01-08T12:48:05","date_gmt":"2025-01-08T11:48:05","guid":{"rendered":"https:\/\/moveupfashion.cz\/?post_type=product&#038;p=33204"},"modified":"2025-01-08T12:51:04","modified_gmt":"2025-01-08T11:51:04","slug":"damska-kozena-kabelka-andex-cerna-4","status":"publish","type":"product","link":"https:\/\/moveupfashion.cz\/?product=damska-kozena-kabelka-andex-cerna-4","title":{"rendered":"D\u00e1msk\u00e1 ko\u017een\u00e1 kabelka Andex \u2013 \u010dern\u00e1"},"content":{"rendered":"<p>Crossbody kabelka ru\u010dn\u011b vyroben\u00e1 z nejkvalitn\u011bj\u0161\u00ed italsk\u00e9 prav\u00e9 k\u016f\u017ee.<br \/>\nVnit\u0159n\u00ed prostor je tak akor\u00e1t na um\u00edst\u011bn\u00ed, pen\u011b\u017eenky, kl\u00ed\u010d\u016f, mobiln\u00edho telefonu a p\u00e1r dal\u0161\u00edch drobnost\u00ed.<br \/>\nSou\u010d\u00e1st\u00ed kabelky je nastaviteln\u00fd popruh p\u0159es rameno.<\/p>\n","protected":false},"excerpt":{"rendered":"<p>Rozm\u011bry:\u00a0d\u00e9lka 31 cm, \u0161\u00ed\u0159ka 15 cm, hloubka 8 cm<\/p>\n<p>Materi\u00e1l: p\u0159\u00edrodn\u00ed k\u016f\u017ee<\/p>\n","protected":false},"featured_media":33220,"comment_status":"closed","ping_status":"closed","template":"","meta":[],"product_cat":[289],"product_tag":[],"_links":{"self":[{"href":"https:\/\/moveupfashion.cz\/index.php?rest_route=\/wp\/v2\/product\/33204"}],"collection":[{"href":"https:\/\/moveupfashion.cz\/index.php?rest_route=\/wp\/v2\/product"}],"about":[{"href":"https:\/\/moveupfashion.cz\/index.php?rest_route=\/wp\/v2\/types\/product"}],"replies":[{"embeddable":true,"href":"https:\/\/moveupfashion.cz\/index.php?rest_route=%2Fwp%2Fv2%2Fcomments&post=33204"}],"wp:featuredmedia":[{"embeddable":true,"href":"https:\/\/moveupfashion.cz\/index.php?rest_route=\/wp\/v2\/media\/33220"}],"wp:attachment":[{"href":"https:\/\/moveupfashion.cz\/index.php?rest_route=%2Fwp%2Fv2%2Fmedia&parent=33204"}],"wp:term":[{"taxonomy":"product_cat","embeddable":true,"href":"https:\/\/moveupfashion.cz\/index.php?rest_route=%2Fwp%2Fv2%2Fproduct_cat&post=33204"},{"taxonomy":"product_tag","embeddable":true,"href":"https:\/\/moveupfashion.cz\/index.php?rest_route=%2Fwp%2Fv2%2Fproduct_tag&post=33204"}],"curies":[{"name":"wp","href":"https:\/\/api.w.org\/{rel}","templated":true}]}}