{"id":33127,"date":"2025-01-02T20:12:22","date_gmt":"2025-01-02T19:12:22","guid":{"rendered":"https:\/\/moveupfashion.cz\/?post_type=product&#038;p=33127"},"modified":"2025-01-03T21:59:57","modified_gmt":"2025-01-03T20:59:57","slug":"hracka-z-prave-kuze-mekka-kozena-hracka-pes-rici-bily","status":"publish","type":"product","link":"https:\/\/moveupfashion.cz\/?product=hracka-z-prave-kuze-mekka-kozena-hracka-pes-rici-bily","title":{"rendered":"HRA\u010cKA Z PRAV\u00c9 K\u016e\u017dE &#8211; M\u011aKK\u00c1 KO\u017dEN\u00c1 HRA\u010cKA &#8211; PES RICI &#8211; B\u00cdL\u00dd"},"content":{"rendered":"<p>Interi\u00e9rov\u00fd dopln\u011bk pes Rici, 100% k\u016f\u017ee,<\/p>\n<p>P\u0159edstavujeme V\u00e1m tu nejroztomilej\u0161\u00ed ko\u017eenou hra\u010dku &#8211; Pes Rici! Tato mimo\u0159\u00e1dn\u011b p\u0159\u00edjemn\u00e1 a m\u011bkk\u00e1 hra\u010dka je vyrobena z vysoce kvalitn\u00ed prav\u00e9 k\u016f\u017ee.<\/p>\n","protected":false},"excerpt":{"rendered":"<p>Ru\u010dn\u011b vyr\u00e1b\u011bn\u00e9 hra\u010dka z prav\u00e9 k\u016f\u017ee.<br \/>\nVelikost: v\u00fd\u0161ka 27 cm, \u0161\u00ed\u0159ka 20 cm, d\u00e9lka 35 cm<\/p>\n<p>Origin\u00e1ln\u00ed ko\u017een\u00fd pejsek slou\u017e\u00edc\u00ed k pobaven\u00ed a z\u00e1rove\u0148 tvo\u0159\u00ed kr\u00e1snou dekoraci.<\/p>\n<p>Dobr\u00fd d\u00e1rek pro Va\u0161e bl\u00edzk\u00e9.<\/p>\n","protected":false},"featured_media":33169,"comment_status":"closed","ping_status":"closed","template":"","meta":[],"product_cat":[334,295],"product_tag":[],"_links":{"self":[{"href":"https:\/\/moveupfashion.cz\/index.php?rest_route=\/wp\/v2\/product\/33127"}],"collection":[{"href":"https:\/\/moveupfashion.cz\/index.php?rest_route=\/wp\/v2\/product"}],"about":[{"href":"https:\/\/moveupfashion.cz\/index.php?rest_route=\/wp\/v2\/types\/product"}],"replies":[{"embeddable":true,"href":"https:\/\/moveupfashion.cz\/index.php?rest_route=%2Fwp%2Fv2%2Fcomments&post=33127"}],"wp:featuredmedia":[{"embeddable":true,"href":"https:\/\/moveupfashion.cz\/index.php?rest_route=\/wp\/v2\/media\/33169"}],"wp:attachment":[{"href":"https:\/\/moveupfashion.cz\/index.php?rest_route=%2Fwp%2Fv2%2Fmedia&parent=33127"}],"wp:term":[{"taxonomy":"product_cat","embeddable":true,"href":"https:\/\/moveupfashion.cz\/index.php?rest_route=%2Fwp%2Fv2%2Fproduct_cat&post=33127"},{"taxonomy":"product_tag","embeddable":true,"href":"https:\/\/moveupfashion.cz\/index.php?rest_route=%2Fwp%2Fv2%2Fproduct_tag&post=33127"}],"curies":[{"name":"wp","href":"https:\/\/api.w.org\/{rel}","templated":true}]}}