{"id":33072,"date":"2025-01-02T20:01:48","date_gmt":"2025-01-02T19:01:48","guid":{"rendered":"https:\/\/moveupfashion.cz\/?post_type=product&#038;p=33072"},"modified":"2025-01-03T21:54:20","modified_gmt":"2025-01-03T20:54:20","slug":"crossbody-kabelka-na-mobil-andex-cerna","status":"publish","type":"product","link":"https:\/\/moveupfashion.cz\/?product=crossbody-kabelka-na-mobil-andex-cerna","title":{"rendered":"Crossbody kabelka na mobil Andex \u2013 \u010dern\u00e1"},"content":{"rendered":"<p>Crossbody kabelka ru\u010dn\u011b vyroben\u00e1 z nejkvalitn\u011bj\u0161\u00ed italsk\u00e9 prav\u00e9 k\u016f\u017ee.<br \/>\nVnit\u0159n\u00ed prostor je akor\u00e1t na um\u00edst\u011bn\u00ed mobiln\u00edho telefonu a p\u00e1r dal\u0161\u00edch drobnost\u00ed.<br \/>\nSou\u010d\u00e1st\u00ed kabelky je nastaviteln\u00fd popruh p\u0159es rameno.<\/p>\n","protected":false},"excerpt":{"rendered":"<p>Rozm\u011bry: v\u00fd\u0161ka 21cm, \u0161\u00ed\u0159ka 15 cm, hloubka spodn\u00ed \u010d\u00e1sti 3 cm<\/p>\n<p>Materi\u00e1l: p\u0159\u00edrodn\u00ed k\u016f\u017ee<\/p>\n","protected":false},"featured_media":33112,"comment_status":"closed","ping_status":"closed","template":"","meta":[],"product_cat":[289],"product_tag":[],"_links":{"self":[{"href":"https:\/\/moveupfashion.cz\/index.php?rest_route=\/wp\/v2\/product\/33072"}],"collection":[{"href":"https:\/\/moveupfashion.cz\/index.php?rest_route=\/wp\/v2\/product"}],"about":[{"href":"https:\/\/moveupfashion.cz\/index.php?rest_route=\/wp\/v2\/types\/product"}],"replies":[{"embeddable":true,"href":"https:\/\/moveupfashion.cz\/index.php?rest_route=%2Fwp%2Fv2%2Fcomments&post=33072"}],"wp:featuredmedia":[{"embeddable":true,"href":"https:\/\/moveupfashion.cz\/index.php?rest_route=\/wp\/v2\/media\/33112"}],"wp:attachment":[{"href":"https:\/\/moveupfashion.cz\/index.php?rest_route=%2Fwp%2Fv2%2Fmedia&parent=33072"}],"wp:term":[{"taxonomy":"product_cat","embeddable":true,"href":"https:\/\/moveupfashion.cz\/index.php?rest_route=%2Fwp%2Fv2%2Fproduct_cat&post=33072"},{"taxonomy":"product_tag","embeddable":true,"href":"https:\/\/moveupfashion.cz\/index.php?rest_route=%2Fwp%2Fv2%2Fproduct_tag&post=33072"}],"curies":[{"name":"wp","href":"https:\/\/api.w.org\/{rel}","templated":true}]}}