{"id":32743,"date":"2024-05-03T12:40:55","date_gmt":"2024-05-03T10:40:55","guid":{"rendered":"https:\/\/moveupfashion.cz\/?post_type=product&#038;p=32743"},"modified":"2025-01-02T19:56:51","modified_gmt":"2025-01-02T18:56:51","slug":"damska-lnena-taska-andex-seda","status":"publish","type":"product","link":"https:\/\/moveupfashion.cz\/?product=damska-lnena-taska-andex-seda","title":{"rendered":"D\u00e1msk\u00e1 ln\u011bn\u00e1 ta\u0161ka Andex \u2013 \u0161ed\u00e1"},"content":{"rendered":"","protected":false},"excerpt":{"rendered":"<p>Elegantn\u00ed kabelka Andex.<\/p>\n<p>Rozm\u011bry: v\u00fd\u0161ka 40cm, \u0161\u00ed\u0159ka 49 cm, hloubka spodn\u00ed \u010d\u00e1sti 17 cm<\/p>\n<p>Materi\u00e1l: len<\/p>\n","protected":false},"featured_media":32744,"comment_status":"open","ping_status":"closed","template":"","meta":[],"product_cat":[328],"product_tag":[],"_links":{"self":[{"href":"https:\/\/moveupfashion.cz\/index.php?rest_route=\/wp\/v2\/product\/32743"}],"collection":[{"href":"https:\/\/moveupfashion.cz\/index.php?rest_route=\/wp\/v2\/product"}],"about":[{"href":"https:\/\/moveupfashion.cz\/index.php?rest_route=\/wp\/v2\/types\/product"}],"replies":[{"embeddable":true,"href":"https:\/\/moveupfashion.cz\/index.php?rest_route=%2Fwp%2Fv2%2Fcomments&post=32743"}],"wp:featuredmedia":[{"embeddable":true,"href":"https:\/\/moveupfashion.cz\/index.php?rest_route=\/wp\/v2\/media\/32744"}],"wp:attachment":[{"href":"https:\/\/moveupfashion.cz\/index.php?rest_route=%2Fwp%2Fv2%2Fmedia&parent=32743"}],"wp:term":[{"taxonomy":"product_cat","embeddable":true,"href":"https:\/\/moveupfashion.cz\/index.php?rest_route=%2Fwp%2Fv2%2Fproduct_cat&post=32743"},{"taxonomy":"product_tag","embeddable":true,"href":"https:\/\/moveupfashion.cz\/index.php?rest_route=%2Fwp%2Fv2%2Fproduct_tag&post=32743"}],"curies":[{"name":"wp","href":"https:\/\/api.w.org\/{rel}","templated":true}]}}