{"id":32702,"date":"2024-04-28T23:19:43","date_gmt":"2024-04-28T21:19:43","guid":{"rendered":"https:\/\/moveupfashion.cz\/?post_type=product&#038;p=32702"},"modified":"2025-01-02T19:58:20","modified_gmt":"2025-01-02T18:58:20","slug":"damsky-kozeny-opasek-bily-3","status":"publish","type":"product","link":"https:\/\/moveupfashion.cz\/?product=damsky-kozeny-opasek-bily-3","title":{"rendered":"D\u00c1MSK\u00dd KO\u017dEN\u00dd OPASEK &#8211; B\u00cdL\u00dd"},"content":{"rendered":"","protected":false},"excerpt":{"rendered":"<div>\u0160\u00ed\u0159e opasku: 3,5 cm<\/div>\n<div>D\u00e9lka: 89-100cm<\/div>\n<div>Materi\u00e1l 100% k\u016f\u017ee<\/div>\n<div>\n<p>D\u00e1msk\u00fd ko\u017een\u00fd opasek z hov\u011bz\u00ed k\u016f\u017ee je dopln\u011bn decentn\u00ed kovovou obd\u00e9ln\u00edkovou sponou.<br \/>\nKvalitn\u00ed ru\u010dn\u011b vyroben\u00fd ko\u017een\u00fd opasek.<\/p>\n<\/div>\n","protected":false},"featured_media":32704,"comment_status":"open","ping_status":"closed","template":"","meta":[],"product_cat":[292],"product_tag":[],"_links":{"self":[{"href":"https:\/\/moveupfashion.cz\/index.php?rest_route=\/wp\/v2\/product\/32702"}],"collection":[{"href":"https:\/\/moveupfashion.cz\/index.php?rest_route=\/wp\/v2\/product"}],"about":[{"href":"https:\/\/moveupfashion.cz\/index.php?rest_route=\/wp\/v2\/types\/product"}],"replies":[{"embeddable":true,"href":"https:\/\/moveupfashion.cz\/index.php?rest_route=%2Fwp%2Fv2%2Fcomments&post=32702"}],"wp:featuredmedia":[{"embeddable":true,"href":"https:\/\/moveupfashion.cz\/index.php?rest_route=\/wp\/v2\/media\/32704"}],"wp:attachment":[{"href":"https:\/\/moveupfashion.cz\/index.php?rest_route=%2Fwp%2Fv2%2Fmedia&parent=32702"}],"wp:term":[{"taxonomy":"product_cat","embeddable":true,"href":"https:\/\/moveupfashion.cz\/index.php?rest_route=%2Fwp%2Fv2%2Fproduct_cat&post=32702"},{"taxonomy":"product_tag","embeddable":true,"href":"https:\/\/moveupfashion.cz\/index.php?rest_route=%2Fwp%2Fv2%2Fproduct_tag&post=32702"}],"curies":[{"name":"wp","href":"https:\/\/api.w.org\/{rel}","templated":true}]}}