{"id":32673,"date":"2024-04-23T12:38:57","date_gmt":"2024-04-23T10:38:57","guid":{"rendered":"https:\/\/moveupfashion.cz\/?post_type=product&#038;p=32673"},"modified":"2024-09-07T21:24:30","modified_gmt":"2024-09-07T19:24:30","slug":"damska-lnena-taska-andex-modra-2","status":"publish","type":"product","link":"https:\/\/moveupfashion.cz\/?product=damska-lnena-taska-andex-modra-2","title":{"rendered":"D\u00e1msk\u00e1 ln\u011bn\u00e1 ta\u0161ka Andex \u2013 modr\u00e1"},"content":{"rendered":"","protected":false},"excerpt":{"rendered":"<p>Elegantn\u00ed kabelka Andex.<\/p>\n<p>Rozm\u011bry: v\u00fd\u0161ka 41 cm, \u0161\u00ed\u0159ka 40 cm, hloubka spodn\u00ed \u010d\u00e1sti 14 cm<\/p>\n<p>Materi\u00e1l: len, p\u0159\u00edrodn\u00ed k\u016f\u017ee<\/p>\n","protected":false},"featured_media":32665,"comment_status":"open","ping_status":"closed","template":"","meta":[],"product_cat":[328],"product_tag":[],"_links":{"self":[{"href":"https:\/\/moveupfashion.cz\/index.php?rest_route=\/wp\/v2\/product\/32673"}],"collection":[{"href":"https:\/\/moveupfashion.cz\/index.php?rest_route=\/wp\/v2\/product"}],"about":[{"href":"https:\/\/moveupfashion.cz\/index.php?rest_route=\/wp\/v2\/types\/product"}],"replies":[{"embeddable":true,"href":"https:\/\/moveupfashion.cz\/index.php?rest_route=%2Fwp%2Fv2%2Fcomments&post=32673"}],"wp:featuredmedia":[{"embeddable":true,"href":"https:\/\/moveupfashion.cz\/index.php?rest_route=\/wp\/v2\/media\/32665"}],"wp:attachment":[{"href":"https:\/\/moveupfashion.cz\/index.php?rest_route=%2Fwp%2Fv2%2Fmedia&parent=32673"}],"wp:term":[{"taxonomy":"product_cat","embeddable":true,"href":"https:\/\/moveupfashion.cz\/index.php?rest_route=%2Fwp%2Fv2%2Fproduct_cat&post=32673"},{"taxonomy":"product_tag","embeddable":true,"href":"https:\/\/moveupfashion.cz\/index.php?rest_route=%2Fwp%2Fv2%2Fproduct_tag&post=32673"}],"curies":[{"name":"wp","href":"https:\/\/api.w.org\/{rel}","templated":true}]}}