{"id":32228,"date":"2024-03-13T16:02:34","date_gmt":"2024-03-13T15:02:34","guid":{"rendered":"https:\/\/moveupfashion.cz\/?post_type=product&#038;p=32228"},"modified":"2024-08-13T14:36:08","modified_gmt":"2024-08-13T12:36:08","slug":"kabelka-andex-z-prave-kuze-khaki-4","status":"publish","type":"product","link":"https:\/\/moveupfashion.cz\/?product=kabelka-andex-z-prave-kuze-khaki-4","title":{"rendered":"D\u00e1msk\u00e1 ko\u017een\u00e1 kabelka Andex \u2013 khaki"},"content":{"rendered":"<p>Kabelka ru\u010dn\u011b vyroben\u00e1 z nejkvalitn\u011bj\u0161\u00ed italsk\u00e9 prav\u00e9 k\u016f\u017ee.<\/p>\n","protected":false},"excerpt":{"rendered":"<p>Elegantn\u00ed kabelka Andex z prav\u00e9 k\u016f\u017ee .<\/p>\n<p>Rozm\u011bry: v\u00fd\u0161ka 38 cm, \u0161\u00ed\u0159ka 42 cm, hloubka spodn\u00ed \u010d\u00e1sti 15 cm<\/p>\n<p>Materi\u00e1l: p\u0159\u00edrodn\u00ed k\u016f\u017ee<\/p>\n","protected":false},"featured_media":32319,"comment_status":"open","ping_status":"closed","template":"","meta":[],"product_cat":[288],"product_tag":[],"_links":{"self":[{"href":"https:\/\/moveupfashion.cz\/index.php?rest_route=\/wp\/v2\/product\/32228"}],"collection":[{"href":"https:\/\/moveupfashion.cz\/index.php?rest_route=\/wp\/v2\/product"}],"about":[{"href":"https:\/\/moveupfashion.cz\/index.php?rest_route=\/wp\/v2\/types\/product"}],"replies":[{"embeddable":true,"href":"https:\/\/moveupfashion.cz\/index.php?rest_route=%2Fwp%2Fv2%2Fcomments&post=32228"}],"wp:featuredmedia":[{"embeddable":true,"href":"https:\/\/moveupfashion.cz\/index.php?rest_route=\/wp\/v2\/media\/32319"}],"wp:attachment":[{"href":"https:\/\/moveupfashion.cz\/index.php?rest_route=%2Fwp%2Fv2%2Fmedia&parent=32228"}],"wp:term":[{"taxonomy":"product_cat","embeddable":true,"href":"https:\/\/moveupfashion.cz\/index.php?rest_route=%2Fwp%2Fv2%2Fproduct_cat&post=32228"},{"taxonomy":"product_tag","embeddable":true,"href":"https:\/\/moveupfashion.cz\/index.php?rest_route=%2Fwp%2Fv2%2Fproduct_tag&post=32228"}],"curies":[{"name":"wp","href":"https:\/\/api.w.org\/{rel}","templated":true}]}}