{"id":32080,"date":"2024-03-13T16:00:22","date_gmt":"2024-03-13T15:00:22","guid":{"rendered":"https:\/\/moveupfashion.cz\/?post_type=product&#038;p=32080"},"modified":"2024-03-23T19:14:44","modified_gmt":"2024-03-23T18:14:44","slug":"kabelka-andex-z-prave-kuze-cerna-3","status":"publish","type":"product","link":"https:\/\/moveupfashion.cz\/?product=kabelka-andex-z-prave-kuze-cerna-3","title":{"rendered":"D\u00e1msk\u00e1 ko\u017een\u00e1 kabelka Andex \u2013 \u010dern\u00e1"},"content":{"rendered":"<p>Kabelka ru\u010dn\u011b vyroben\u00e1 z nejkvalitn\u011bj\u0161\u00ed italsk\u00e9 prav\u00e9 k\u016f\u017ee.<br \/>\nSou\u010d\u00e1st\u00ed kabelky je nastaviteln\u00fd popruh p\u0159es rameno.<\/p>\n","protected":false},"excerpt":{"rendered":"<p>Elegantn\u00ed kabelka Andex z prav\u00e9 k\u016f\u017ee .<\/p>\n<p>Rozm\u011bry: v\u00fd\u0161ka 37 cm, \u0161\u00ed\u0159ka 40 cm, hloubka spodn\u00ed \u010d\u00e1sti 8 cm<\/p>\n<p>Materi\u00e1l: p\u0159\u00edrodn\u00ed k\u016f\u017ee<\/p>\n","protected":false},"featured_media":32221,"comment_status":"open","ping_status":"closed","template":"","meta":[],"product_cat":[288],"product_tag":[],"_links":{"self":[{"href":"https:\/\/moveupfashion.cz\/index.php?rest_route=\/wp\/v2\/product\/32080"}],"collection":[{"href":"https:\/\/moveupfashion.cz\/index.php?rest_route=\/wp\/v2\/product"}],"about":[{"href":"https:\/\/moveupfashion.cz\/index.php?rest_route=\/wp\/v2\/types\/product"}],"replies":[{"embeddable":true,"href":"https:\/\/moveupfashion.cz\/index.php?rest_route=%2Fwp%2Fv2%2Fcomments&post=32080"}],"wp:featuredmedia":[{"embeddable":true,"href":"https:\/\/moveupfashion.cz\/index.php?rest_route=\/wp\/v2\/media\/32221"}],"wp:attachment":[{"href":"https:\/\/moveupfashion.cz\/index.php?rest_route=%2Fwp%2Fv2%2Fmedia&parent=32080"}],"wp:term":[{"taxonomy":"product_cat","embeddable":true,"href":"https:\/\/moveupfashion.cz\/index.php?rest_route=%2Fwp%2Fv2%2Fproduct_cat&post=32080"},{"taxonomy":"product_tag","embeddable":true,"href":"https:\/\/moveupfashion.cz\/index.php?rest_route=%2Fwp%2Fv2%2Fproduct_tag&post=32080"}],"curies":[{"name":"wp","href":"https:\/\/api.w.org\/{rel}","templated":true}]}}