{"id":31542,"date":"2024-03-13T15:53:18","date_gmt":"2024-03-13T14:53:18","guid":{"rendered":"https:\/\/moveupfashion.cz\/?post_type=product&#038;p=31542"},"modified":"2024-03-21T11:12:59","modified_gmt":"2024-03-21T10:12:59","slug":"damska-semisova-ledvinka-andex-z-prave-kuze-hneda-4","status":"publish","type":"product","link":"https:\/\/moveupfashion.cz\/?product=damska-semisova-ledvinka-andex-z-prave-kuze-hneda-4","title":{"rendered":"D\u00e1msk\u00e1 semi\u0161ov\u00e1 ledvinka Andex z prav\u00e9 k\u016f\u017ee &#8211; hn\u011bd\u00e1"},"content":{"rendered":"","protected":false},"excerpt":{"rendered":"<p>D\u00e1msk\u00e1 semi\u0161ov\u00e1 ledvinka Andex z prav\u00e9 k\u016f\u017ee.<\/p>\n<p>Rozm\u011bry: 18 x 38 x 12 cm<\/p>\n<p>Materi\u00e1l: p\u0159\u00edrodn\u00ed k\u016f\u017ee<\/p>\n","protected":false},"featured_media":31685,"comment_status":"open","ping_status":"closed","template":"","meta":[],"product_cat":[291],"product_tag":[],"_links":{"self":[{"href":"https:\/\/moveupfashion.cz\/index.php?rest_route=\/wp\/v2\/product\/31542"}],"collection":[{"href":"https:\/\/moveupfashion.cz\/index.php?rest_route=\/wp\/v2\/product"}],"about":[{"href":"https:\/\/moveupfashion.cz\/index.php?rest_route=\/wp\/v2\/types\/product"}],"replies":[{"embeddable":true,"href":"https:\/\/moveupfashion.cz\/index.php?rest_route=%2Fwp%2Fv2%2Fcomments&post=31542"}],"wp:featuredmedia":[{"embeddable":true,"href":"https:\/\/moveupfashion.cz\/index.php?rest_route=\/wp\/v2\/media\/31685"}],"wp:attachment":[{"href":"https:\/\/moveupfashion.cz\/index.php?rest_route=%2Fwp%2Fv2%2Fmedia&parent=31542"}],"wp:term":[{"taxonomy":"product_cat","embeddable":true,"href":"https:\/\/moveupfashion.cz\/index.php?rest_route=%2Fwp%2Fv2%2Fproduct_cat&post=31542"},{"taxonomy":"product_tag","embeddable":true,"href":"https:\/\/moveupfashion.cz\/index.php?rest_route=%2Fwp%2Fv2%2Fproduct_tag&post=31542"}],"curies":[{"name":"wp","href":"https:\/\/api.w.org\/{rel}","templated":true}]}}