{"id":31529,"date":"2024-03-13T15:53:16","date_gmt":"2024-03-13T14:53:16","guid":{"rendered":"https:\/\/moveupfashion.cz\/?post_type=product&#038;p=31529"},"modified":"2024-03-21T11:22:43","modified_gmt":"2024-03-21T10:22:43","slug":"damska-kozena-ledvinka-andex-z-prave-kuze-cerna","status":"publish","type":"product","link":"https:\/\/moveupfashion.cz\/?product=damska-kozena-ledvinka-andex-z-prave-kuze-cerna","title":{"rendered":"D\u00e1msk\u00e1 ko\u017een\u00e1 ledvinka Andex z prav\u00e9 k\u016f\u017ee &#8211; \u010dern\u00e1"},"content":{"rendered":"","protected":false},"excerpt":{"rendered":"<p>D\u00e1msk\u00e1 modn\u00ed ko\u017een\u00e1 ledvinka Andex z prav\u00e9 k\u016f\u017ee.<\/p>\n<p>Rozm\u011bry: 24 x 49 x 7 cm<\/p>\n<p>Materi\u00e1l: p\u0159\u00edrodn\u00ed k\u016f\u017ee<\/p>\n","protected":false},"featured_media":31616,"comment_status":"open","ping_status":"closed","template":"","meta":[],"product_cat":[291],"product_tag":[],"_links":{"self":[{"href":"https:\/\/moveupfashion.cz\/index.php?rest_route=\/wp\/v2\/product\/31529"}],"collection":[{"href":"https:\/\/moveupfashion.cz\/index.php?rest_route=\/wp\/v2\/product"}],"about":[{"href":"https:\/\/moveupfashion.cz\/index.php?rest_route=\/wp\/v2\/types\/product"}],"replies":[{"embeddable":true,"href":"https:\/\/moveupfashion.cz\/index.php?rest_route=%2Fwp%2Fv2%2Fcomments&post=31529"}],"wp:featuredmedia":[{"embeddable":true,"href":"https:\/\/moveupfashion.cz\/index.php?rest_route=\/wp\/v2\/media\/31616"}],"wp:attachment":[{"href":"https:\/\/moveupfashion.cz\/index.php?rest_route=%2Fwp%2Fv2%2Fmedia&parent=31529"}],"wp:term":[{"taxonomy":"product_cat","embeddable":true,"href":"https:\/\/moveupfashion.cz\/index.php?rest_route=%2Fwp%2Fv2%2Fproduct_cat&post=31529"},{"taxonomy":"product_tag","embeddable":true,"href":"https:\/\/moveupfashion.cz\/index.php?rest_route=%2Fwp%2Fv2%2Fproduct_tag&post=31529"}],"curies":[{"name":"wp","href":"https:\/\/api.w.org\/{rel}","templated":true}]}}