{"id":31484,"date":"2024-03-13T15:52:48","date_gmt":"2024-03-13T14:52:48","guid":{"rendered":"https:\/\/moveupfashion.cz\/?post_type=product&#038;p=31484"},"modified":"2025-03-24T13:13:57","modified_gmt":"2025-03-24T12:13:57","slug":"kozene-pantofle-andex-bile-kote","status":"publish","type":"product","link":"https:\/\/moveupfashion.cz\/?product=kozene-pantofle-andex-bile-kote","title":{"rendered":"Ko\u017een\u00e9 pantofle Andex &#8211; b\u00edl\u00e9\/kot\u011b"},"content":{"rendered":"","protected":false},"excerpt":{"rendered":"<p>Materi\u00e1l: p\u0159\u00edrodn\u00ed k\u016f\u017ee<\/p>\n","protected":false},"featured_media":31493,"comment_status":"open","ping_status":"closed","template":"","meta":[],"product_cat":[318],"product_tag":[],"_links":{"self":[{"href":"https:\/\/moveupfashion.cz\/index.php?rest_route=\/wp\/v2\/product\/31484"}],"collection":[{"href":"https:\/\/moveupfashion.cz\/index.php?rest_route=\/wp\/v2\/product"}],"about":[{"href":"https:\/\/moveupfashion.cz\/index.php?rest_route=\/wp\/v2\/types\/product"}],"replies":[{"embeddable":true,"href":"https:\/\/moveupfashion.cz\/index.php?rest_route=%2Fwp%2Fv2%2Fcomments&post=31484"}],"wp:featuredmedia":[{"embeddable":true,"href":"https:\/\/moveupfashion.cz\/index.php?rest_route=\/wp\/v2\/media\/31493"}],"wp:attachment":[{"href":"https:\/\/moveupfashion.cz\/index.php?rest_route=%2Fwp%2Fv2%2Fmedia&parent=31484"}],"wp:term":[{"taxonomy":"product_cat","embeddable":true,"href":"https:\/\/moveupfashion.cz\/index.php?rest_route=%2Fwp%2Fv2%2Fproduct_cat&post=31484"},{"taxonomy":"product_tag","embeddable":true,"href":"https:\/\/moveupfashion.cz\/index.php?rest_route=%2Fwp%2Fv2%2Fproduct_tag&post=31484"}],"curies":[{"name":"wp","href":"https:\/\/api.w.org\/{rel}","templated":true}]}}