{"id":31216,"date":"2024-03-13T15:11:17","date_gmt":"2024-03-13T14:11:17","guid":{"rendered":"https:\/\/moveupfashion.cz\/?post_type=product&#038;p=31216"},"modified":"2024-03-21T12:42:46","modified_gmt":"2024-03-21T11:42:46","slug":"kozeny-privesek-andex-hnedy-3","status":"publish","type":"product","link":"https:\/\/moveupfashion.cz\/?product=kozeny-privesek-andex-hnedy-3","title":{"rendered":"Ko\u017een\u00fd p\u0159\u00edv\u011bsek Andex &#8211; hn\u011bd\u00fd"},"content":{"rendered":"","protected":false},"excerpt":{"rendered":"<p>D\u00e9lka \u0161\u0148\u016frky 50cm<\/p>\n","protected":false},"featured_media":31322,"comment_status":"open","ping_status":"closed","template":"","meta":[],"product_cat":[294],"product_tag":[],"_links":{"self":[{"href":"https:\/\/moveupfashion.cz\/index.php?rest_route=\/wp\/v2\/product\/31216"}],"collection":[{"href":"https:\/\/moveupfashion.cz\/index.php?rest_route=\/wp\/v2\/product"}],"about":[{"href":"https:\/\/moveupfashion.cz\/index.php?rest_route=\/wp\/v2\/types\/product"}],"replies":[{"embeddable":true,"href":"https:\/\/moveupfashion.cz\/index.php?rest_route=%2Fwp%2Fv2%2Fcomments&post=31216"}],"wp:featuredmedia":[{"embeddable":true,"href":"https:\/\/moveupfashion.cz\/index.php?rest_route=\/wp\/v2\/media\/31322"}],"wp:attachment":[{"href":"https:\/\/moveupfashion.cz\/index.php?rest_route=%2Fwp%2Fv2%2Fmedia&parent=31216"}],"wp:term":[{"taxonomy":"product_cat","embeddable":true,"href":"https:\/\/moveupfashion.cz\/index.php?rest_route=%2Fwp%2Fv2%2Fproduct_cat&post=31216"},{"taxonomy":"product_tag","embeddable":true,"href":"https:\/\/moveupfashion.cz\/index.php?rest_route=%2Fwp%2Fv2%2Fproduct_tag&post=31216"}],"curies":[{"name":"wp","href":"https:\/\/api.w.org\/{rel}","templated":true}]}}