{"id":31180,"date":"2024-03-13T15:10:52","date_gmt":"2024-03-13T14:10:52","guid":{"rendered":"https:\/\/moveupfashion.cz\/?post_type=product&#038;p=31180"},"modified":"2024-10-10T16:26:40","modified_gmt":"2024-10-10T14:26:40","slug":"damska-kozena-penezenka-cervena-2","status":"publish","type":"product","link":"https:\/\/moveupfashion.cz\/?product=damska-kozena-penezenka-cervena-2","title":{"rendered":"D\u00e1msk\u00e1 ko\u017een\u00e1 pen\u011b\u017eenka &#8211; \u010derven\u00e1"},"content":{"rendered":"","protected":false},"excerpt":{"rendered":"<div class=\"letter letter_priority_3 letter_unread_false letter_attach_false letter_single letter_first letter_last letter_fluid letter_native-sticky letter_hover-support letter_expanded-next letter_light-mode\">\n<div class=\"letter__body\">\n<div class=\"letter-body\">\n<div class=\"letter-body__body\">\n<div class=\"letter-body__body-wrapper\">\n<div class=\"letter-body__body-content\" tabindex=\"-1\">\n<div class=\"html-parser\">\n<div class=\"html-fishing\">\n<div class=\"html-expander\">\n<div class=\"js-helper js-readmsg-msg\">\n<div>\n<div id=\"style_16046670810894981640_BODY\">\n<div class=\"cl_673468\">\n<div>\n<div>D\u00e1msk\u00e1 pen\u011b\u017eenka v hn\u011bd\u00e9 barv\u011b je vyrobena z kvalitn\u00ed k\u016f\u017ee<\/div>\n<div>&#8211; 100% k\u016f\u017ee<br \/>\n&#8211; Rozm\u011bry: 19 x 9 cm<br \/>\n&#8211; Zap\u00edn\u00e1n\u00ed\u00a0\u00a0na 2\u00a0patentky<\/div>\n<\/div>\n<\/div>\n<\/div>\n<\/div>\n<\/div>\n<\/div>\n<\/div>\n<\/div>\n<\/div>\n<\/div>\n<\/div>\n<\/div>\n<\/div>\n<div class=\"letter__footer\">\n<div class=\"letter__footer-background\">\n<div class=\"letter__footer-buttons\">\n<div class=\"letter__footer-button\"><span class=\"button2 button2_has-ico button2_reply button2_clean button2_hover-support js-shortcut\" title=\"\u041e\u0442\u0432\u0435\u0442\u0438\u0442\u044c\" data-title-shortcut=\"R\"><span class=\"button2__wrapper\"><span class=\"button2__txt\">\u00a0<\/span><\/span><\/span><\/div>\n<\/div>\n<\/div>\n<\/div>\n<\/div>\n","protected":false},"featured_media":31285,"comment_status":"open","ping_status":"closed","template":"","meta":[],"product_cat":[293],"product_tag":[],"_links":{"self":[{"href":"https:\/\/moveupfashion.cz\/index.php?rest_route=\/wp\/v2\/product\/31180"}],"collection":[{"href":"https:\/\/moveupfashion.cz\/index.php?rest_route=\/wp\/v2\/product"}],"about":[{"href":"https:\/\/moveupfashion.cz\/index.php?rest_route=\/wp\/v2\/types\/product"}],"replies":[{"embeddable":true,"href":"https:\/\/moveupfashion.cz\/index.php?rest_route=%2Fwp%2Fv2%2Fcomments&post=31180"}],"wp:featuredmedia":[{"embeddable":true,"href":"https:\/\/moveupfashion.cz\/index.php?rest_route=\/wp\/v2\/media\/31285"}],"wp:attachment":[{"href":"https:\/\/moveupfashion.cz\/index.php?rest_route=%2Fwp%2Fv2%2Fmedia&parent=31180"}],"wp:term":[{"taxonomy":"product_cat","embeddable":true,"href":"https:\/\/moveupfashion.cz\/index.php?rest_route=%2Fwp%2Fv2%2Fproduct_cat&post=31180"},{"taxonomy":"product_tag","embeddable":true,"href":"https:\/\/moveupfashion.cz\/index.php?rest_route=%2Fwp%2Fv2%2Fproduct_tag&post=31180"}],"curies":[{"name":"wp","href":"https:\/\/api.w.org\/{rel}","templated":true}]}}