{"id":31149,"date":"2024-03-13T15:10:27","date_gmt":"2024-03-13T14:10:27","guid":{"rendered":"https:\/\/moveupfashion.cz\/?post_type=product&#038;p=31149"},"modified":"2024-03-21T09:52:44","modified_gmt":"2024-03-21T08:52:44","slug":"kozeny-batoh-se-zipem-andex-hnedy-2","status":"publish","type":"product","link":"https:\/\/moveupfashion.cz\/?product=kozeny-batoh-se-zipem-andex-hnedy-2","title":{"rendered":"Ko\u017een\u00fd batoh se zipem Andex &#8211; hn\u011bd\u00fd"},"content":{"rendered":"","protected":false},"excerpt":{"rendered":"<p>Elegantn\u00ed d\u00e1msk\u00e9 batoh z pr\u00e1v\u00e9 k\u016f\u017ee.<\/p>\n<p>Rozm\u011bry: v\u00fd\u0161ka 32 cm, \u0161\u00ed\u0159ka 27 cm, hloubka spodn\u00ed \u010d\u00e1sti 11 cm<\/p>\n<p>Materi\u00e1l \u2013 100% k\u016f\u017ee<\/p>\n","protected":false},"featured_media":31275,"comment_status":"open","ping_status":"closed","template":"","meta":[],"product_cat":[290],"product_tag":[],"_links":{"self":[{"href":"https:\/\/moveupfashion.cz\/index.php?rest_route=\/wp\/v2\/product\/31149"}],"collection":[{"href":"https:\/\/moveupfashion.cz\/index.php?rest_route=\/wp\/v2\/product"}],"about":[{"href":"https:\/\/moveupfashion.cz\/index.php?rest_route=\/wp\/v2\/types\/product"}],"replies":[{"embeddable":true,"href":"https:\/\/moveupfashion.cz\/index.php?rest_route=%2Fwp%2Fv2%2Fcomments&post=31149"}],"wp:featuredmedia":[{"embeddable":true,"href":"https:\/\/moveupfashion.cz\/index.php?rest_route=\/wp\/v2\/media\/31275"}],"wp:attachment":[{"href":"https:\/\/moveupfashion.cz\/index.php?rest_route=%2Fwp%2Fv2%2Fmedia&parent=31149"}],"wp:term":[{"taxonomy":"product_cat","embeddable":true,"href":"https:\/\/moveupfashion.cz\/index.php?rest_route=%2Fwp%2Fv2%2Fproduct_cat&post=31149"},{"taxonomy":"product_tag","embeddable":true,"href":"https:\/\/moveupfashion.cz\/index.php?rest_route=%2Fwp%2Fv2%2Fproduct_tag&post=31149"}],"curies":[{"name":"wp","href":"https:\/\/api.w.org\/{rel}","templated":true}]}}