{"id":31099,"date":"2024-03-13T15:09:59","date_gmt":"2024-03-13T14:09:59","guid":{"rendered":"https:\/\/moveupfashion.cz\/?post_type=product&#038;p=31099"},"modified":"2025-03-24T13:23:18","modified_gmt":"2025-03-24T12:23:18","slug":"kozene-pantofle-andex-bezove","status":"publish","type":"product","link":"https:\/\/moveupfashion.cz\/?product=kozene-pantofle-andex-bezove","title":{"rendered":"Ko\u017een\u00e9 pantofle Andex &#8211; b\u00e9\u017eov\u00e9"},"content":{"rendered":"","protected":false},"excerpt":{"rendered":"<p>Materi\u00e1l: p\u0159\u00edrodn\u00ed k\u016f\u017ee<\/p>\n","protected":false},"featured_media":31162,"comment_status":"open","ping_status":"closed","template":"","meta":[],"product_cat":[318],"product_tag":[],"_links":{"self":[{"href":"https:\/\/moveupfashion.cz\/index.php?rest_route=\/wp\/v2\/product\/31099"}],"collection":[{"href":"https:\/\/moveupfashion.cz\/index.php?rest_route=\/wp\/v2\/product"}],"about":[{"href":"https:\/\/moveupfashion.cz\/index.php?rest_route=\/wp\/v2\/types\/product"}],"replies":[{"embeddable":true,"href":"https:\/\/moveupfashion.cz\/index.php?rest_route=%2Fwp%2Fv2%2Fcomments&post=31099"}],"wp:featuredmedia":[{"embeddable":true,"href":"https:\/\/moveupfashion.cz\/index.php?rest_route=\/wp\/v2\/media\/31162"}],"wp:attachment":[{"href":"https:\/\/moveupfashion.cz\/index.php?rest_route=%2Fwp%2Fv2%2Fmedia&parent=31099"}],"wp:term":[{"taxonomy":"product_cat","embeddable":true,"href":"https:\/\/moveupfashion.cz\/index.php?rest_route=%2Fwp%2Fv2%2Fproduct_cat&post=31099"},{"taxonomy":"product_tag","embeddable":true,"href":"https:\/\/moveupfashion.cz\/index.php?rest_route=%2Fwp%2Fv2%2Fproduct_tag&post=31099"}],"curies":[{"name":"wp","href":"https:\/\/api.w.org\/{rel}","templated":true}]}}