{"id":31001,"date":"2024-03-13T15:08:47","date_gmt":"2024-03-13T14:08:47","guid":{"rendered":"https:\/\/moveupfashion.cz\/?post_type=product&#038;p=31001"},"modified":"2025-09-24T15:36:03","modified_gmt":"2025-09-24T13:36:03","slug":"kozene-pantofle-andex-bile-zebra","status":"publish","type":"product","link":"https:\/\/moveupfashion.cz\/?product=kozene-pantofle-andex-bile-zebra","title":{"rendered":"Ko\u017een\u00e9 pantofle Andex &#8211; b\u00edl\u00e9\/zebra"},"content":{"rendered":"","protected":false},"excerpt":{"rendered":"<p>Materi\u00e1l: p\u0159\u00edrodn\u00ed k\u016f\u017ee<\/p>\n","protected":false},"featured_media":31115,"comment_status":"open","ping_status":"closed","template":"","meta":[],"product_cat":[318],"product_tag":[],"_links":{"self":[{"href":"https:\/\/moveupfashion.cz\/index.php?rest_route=\/wp\/v2\/product\/31001"}],"collection":[{"href":"https:\/\/moveupfashion.cz\/index.php?rest_route=\/wp\/v2\/product"}],"about":[{"href":"https:\/\/moveupfashion.cz\/index.php?rest_route=\/wp\/v2\/types\/product"}],"replies":[{"embeddable":true,"href":"https:\/\/moveupfashion.cz\/index.php?rest_route=%2Fwp%2Fv2%2Fcomments&post=31001"}],"wp:featuredmedia":[{"embeddable":true,"href":"https:\/\/moveupfashion.cz\/index.php?rest_route=\/wp\/v2\/media\/31115"}],"wp:attachment":[{"href":"https:\/\/moveupfashion.cz\/index.php?rest_route=%2Fwp%2Fv2%2Fmedia&parent=31001"}],"wp:term":[{"taxonomy":"product_cat","embeddable":true,"href":"https:\/\/moveupfashion.cz\/index.php?rest_route=%2Fwp%2Fv2%2Fproduct_cat&post=31001"},{"taxonomy":"product_tag","embeddable":true,"href":"https:\/\/moveupfashion.cz\/index.php?rest_route=%2Fwp%2Fv2%2Fproduct_tag&post=31001"}],"curies":[{"name":"wp","href":"https:\/\/api.w.org\/{rel}","templated":true}]}}