{"id":30955,"date":"2024-11-12T15:08:20","date_gmt":"2024-11-12T14:08:20","guid":{"rendered":"https:\/\/moveupfashion.cz\/?post_type=product&#038;p=30955"},"modified":"2024-11-12T17:28:58","modified_gmt":"2024-11-12T16:28:58","slug":"kabelka-andex-z-prave-kozesiny-cerna","status":"publish","type":"product","link":"https:\/\/moveupfashion.cz\/?product=kabelka-andex-z-prave-kozesiny-cerna","title":{"rendered":"Kabelka Andex z prav\u00e9 ko\u017ee\u0161iny &#8211; \u010dern\u00e1"},"content":{"rendered":"<p>Ka\u017ed\u00e1 kabelka je origin\u00e1l.<br \/>\nKr\u00e1sn\u00e1 ko\u017een\u00e1 kabelka \u2013 origin\u00e1ln\u00ed dopln\u011bk ke jak\u00e9mukoliv oble\u010den\u00ed.<\/p>\n","protected":false},"excerpt":{"rendered":"<p>Elegantn\u00ed kabelka Andex z prav\u00e9 ko\u017ee\u0161iny .<\/p>\n<p>Rozm\u011bry: v\u00fd\u0161ka 55 cm, \u0161\u00ed\u0159ka 45 cm, hloubka spodn\u00ed \u010d\u00e1sti 15 cm<\/p>\n<p>Materi\u00e1l \u2013 koz\u00ed ko\u017ee\u0161ina \/ k\u016f\u017ee<\/p>\n","protected":false},"featured_media":31075,"comment_status":"open","ping_status":"closed","template":"","meta":[],"product_cat":[288],"product_tag":[],"_links":{"self":[{"href":"https:\/\/moveupfashion.cz\/index.php?rest_route=\/wp\/v2\/product\/30955"}],"collection":[{"href":"https:\/\/moveupfashion.cz\/index.php?rest_route=\/wp\/v2\/product"}],"about":[{"href":"https:\/\/moveupfashion.cz\/index.php?rest_route=\/wp\/v2\/types\/product"}],"replies":[{"embeddable":true,"href":"https:\/\/moveupfashion.cz\/index.php?rest_route=%2Fwp%2Fv2%2Fcomments&post=30955"}],"wp:featuredmedia":[{"embeddable":true,"href":"https:\/\/moveupfashion.cz\/index.php?rest_route=\/wp\/v2\/media\/31075"}],"wp:attachment":[{"href":"https:\/\/moveupfashion.cz\/index.php?rest_route=%2Fwp%2Fv2%2Fmedia&parent=30955"}],"wp:term":[{"taxonomy":"product_cat","embeddable":true,"href":"https:\/\/moveupfashion.cz\/index.php?rest_route=%2Fwp%2Fv2%2Fproduct_cat&post=30955"},{"taxonomy":"product_tag","embeddable":true,"href":"https:\/\/moveupfashion.cz\/index.php?rest_route=%2Fwp%2Fv2%2Fproduct_tag&post=30955"}],"curies":[{"name":"wp","href":"https:\/\/api.w.org\/{rel}","templated":true}]}}