{"id":30916,"date":"2024-03-13T15:07:54","date_gmt":"2024-03-13T14:07:54","guid":{"rendered":"https:\/\/moveupfashion.cz\/?post_type=product&#038;p=30916"},"modified":"2024-03-20T17:03:02","modified_gmt":"2024-03-20T16:03:02","slug":"kabelka-andex-z-prave-kuze-svetle-bezova","status":"publish","type":"product","link":"https:\/\/moveupfashion.cz\/?product=kabelka-andex-z-prave-kuze-svetle-bezova","title":{"rendered":"Kabelka Andex z prav\u00e9 k\u016f\u017ee &#8211; sv\u011btle b\u00e9\u017eov\u00e1"},"content":{"rendered":"<p>Kabelka ru\u010dn\u011b vyroben\u00e1 z nejkvalitn\u011bj\u0161\u00ed italsk\u00e9 prav\u00e9 k\u016f\u017ee.<br \/>\nSou\u010d\u00e1st\u00ed kabelky je nastaviteln\u00fd popruh p\u0159es rameno.<\/p>\n","protected":false},"excerpt":{"rendered":"<p>Elegantn\u00ed kabelka Andex z prav\u00e9 k\u016f\u017ee .<\/p>\n<p>Rozm\u011bry: v\u00fd\u0161ka 55 cm, \u0161\u00ed\u0159ka 45 cm, hloubka spodn\u00ed \u010d\u00e1sti 15 cm<\/p>\n<p>Materi\u00e1l: p\u0159\u00edrodn\u00ed k\u016f\u017ee<\/p>\n","protected":false},"featured_media":31049,"comment_status":"open","ping_status":"closed","template":"","meta":[],"product_cat":[288],"product_tag":[],"_links":{"self":[{"href":"https:\/\/moveupfashion.cz\/index.php?rest_route=\/wp\/v2\/product\/30916"}],"collection":[{"href":"https:\/\/moveupfashion.cz\/index.php?rest_route=\/wp\/v2\/product"}],"about":[{"href":"https:\/\/moveupfashion.cz\/index.php?rest_route=\/wp\/v2\/types\/product"}],"replies":[{"embeddable":true,"href":"https:\/\/moveupfashion.cz\/index.php?rest_route=%2Fwp%2Fv2%2Fcomments&post=30916"}],"wp:featuredmedia":[{"embeddable":true,"href":"https:\/\/moveupfashion.cz\/index.php?rest_route=\/wp\/v2\/media\/31049"}],"wp:attachment":[{"href":"https:\/\/moveupfashion.cz\/index.php?rest_route=%2Fwp%2Fv2%2Fmedia&parent=30916"}],"wp:term":[{"taxonomy":"product_cat","embeddable":true,"href":"https:\/\/moveupfashion.cz\/index.php?rest_route=%2Fwp%2Fv2%2Fproduct_cat&post=30916"},{"taxonomy":"product_tag","embeddable":true,"href":"https:\/\/moveupfashion.cz\/index.php?rest_route=%2Fwp%2Fv2%2Fproduct_tag&post=30916"}],"curies":[{"name":"wp","href":"https:\/\/api.w.org\/{rel}","templated":true}]}}