{"id":30906,"date":"2024-03-13T15:07:53","date_gmt":"2024-03-13T14:07:53","guid":{"rendered":"https:\/\/moveupfashion.cz\/?post_type=product&#038;p=30906"},"modified":"2024-03-20T17:42:37","modified_gmt":"2024-03-20T16:42:37","slug":"crossbody-kabelka-andex-z-prave-kuze-hneda-3","status":"publish","type":"product","link":"https:\/\/moveupfashion.cz\/?product=crossbody-kabelka-andex-z-prave-kuze-hneda-3","title":{"rendered":"Crossbody kabelka Andex z prav\u00e9 k\u016f\u017ee &#8211; hn\u011bd\u00e1"},"content":{"rendered":"<p>Crossbody kabelka s laserov\u00fdm grav\u00edrov\u00e1n\u00edm, ru\u010dn\u011b vyroben\u00e1 z nejkvalitn\u011bj\u0161\u00ed italsk\u00e9 prav\u00e9 k\u016f\u017ee.<br \/>\nVnit\u0159n\u00ed prostor je tak akor\u00e1t na um\u00edst\u011bn\u00ed, pen\u011b\u017eenky, kl\u00ed\u010d\u016f, mobiln\u00edho telefonu a p\u00e1r dal\u0161\u00edch drobnost\u00ed.<br \/>\nSou\u010d\u00e1st\u00ed kabelky je nastaviteln\u00fd popruh p\u0159es rameno.<\/p>\n<p>M\u00e1me mo\u017enost v\u00fdroby pro z\u00e1kazn\u00edky, kte\u0159\u00ed cht\u011bj\u00ed vlastn\u00ed obr\u00e1zek.<\/p>\n","protected":false},"excerpt":{"rendered":"<p>Elegantn\u00ed crossbody kabelka Andex z prav\u00e9 k\u016f\u017ee .<\/p>\n<p>Rozm\u011bry: \u0161\u00ed\u0159ka 27 cm, v\u00fd\u0161ka 17 cm<\/p>\n<p>Materi\u00e1l: p\u0159\u00edrodn\u00ed k\u016f\u017ee<\/p>\n<p>Kabelka s laserov\u00fdm grav\u00edrov\u00e1n\u00edm<\/p>\n","protected":false},"featured_media":31008,"comment_status":"open","ping_status":"closed","template":"","meta":[],"product_cat":[289],"product_tag":[],"_links":{"self":[{"href":"https:\/\/moveupfashion.cz\/index.php?rest_route=\/wp\/v2\/product\/30906"}],"collection":[{"href":"https:\/\/moveupfashion.cz\/index.php?rest_route=\/wp\/v2\/product"}],"about":[{"href":"https:\/\/moveupfashion.cz\/index.php?rest_route=\/wp\/v2\/types\/product"}],"replies":[{"embeddable":true,"href":"https:\/\/moveupfashion.cz\/index.php?rest_route=%2Fwp%2Fv2%2Fcomments&post=30906"}],"wp:featuredmedia":[{"embeddable":true,"href":"https:\/\/moveupfashion.cz\/index.php?rest_route=\/wp\/v2\/media\/31008"}],"wp:attachment":[{"href":"https:\/\/moveupfashion.cz\/index.php?rest_route=%2Fwp%2Fv2%2Fmedia&parent=30906"}],"wp:term":[{"taxonomy":"product_cat","embeddable":true,"href":"https:\/\/moveupfashion.cz\/index.php?rest_route=%2Fwp%2Fv2%2Fproduct_cat&post=30906"},{"taxonomy":"product_tag","embeddable":true,"href":"https:\/\/moveupfashion.cz\/index.php?rest_route=%2Fwp%2Fv2%2Fproduct_tag&post=30906"}],"curies":[{"name":"wp","href":"https:\/\/api.w.org\/{rel}","templated":true}]}}