{"id":30825,"date":"2024-03-15T11:07:03","date_gmt":"2024-03-15T10:07:03","guid":{"rendered":"https:\/\/moveupfashion.cz\/?post_type=product&#038;p=30825"},"modified":"2024-03-23T18:54:32","modified_gmt":"2024-03-23T17:54:32","slug":"crossbody-kabelka-andex-z-prave-kuze-s-potiskem-pismen-cerna","status":"publish","type":"product","link":"https:\/\/moveupfashion.cz\/?product=crossbody-kabelka-andex-z-prave-kuze-s-potiskem-pismen-cerna","title":{"rendered":"D\u00e1msk\u00e1 ko\u017een\u00e1 crossbody kabelka Andex s potiskem p\u00edsmen &#8211; \u010dern\u00e1"},"content":{"rendered":"<p>Crossbody kabelka ru\u010dn\u011b vyroben\u00e1 z nejkvalitn\u011bj\u0161\u00ed italsk\u00e9 prav\u00e9 k\u016f\u017ee.<\/p>\n<p>Vnit\u0159n\u00ed prostor je tak akor\u00e1t na um\u00edst\u011bn\u00ed, pen\u011b\u017eenky, kl\u00ed\u010d\u016f, mobiln\u00edho telefonu a p\u00e1r dal\u0161\u00edch drobnost\u00ed.<\/p>\n<p>Sou\u010d\u00e1st\u00ed kabelky je nastaviteln\u00fd popruh p\u0159es rameno.<\/p>\n","protected":false},"excerpt":{"rendered":"<p>Elegantn\u00ed crossbody kabelka Andex z prav\u00e9 k\u016f\u017ee.<\/p>\n<p>Rozm\u011bry: \u0161\u00ed\u0159ka 13 cm, v\u00fd\u0161ka 20 cm<\/p>\n<p>Materi\u00e1l: p\u0159\u00edrodn\u00ed k\u016f\u017ee<\/p>\n","protected":false},"featured_media":30931,"comment_status":"open","ping_status":"closed","template":"","meta":[],"product_cat":[289],"product_tag":[],"_links":{"self":[{"href":"https:\/\/moveupfashion.cz\/index.php?rest_route=\/wp\/v2\/product\/30825"}],"collection":[{"href":"https:\/\/moveupfashion.cz\/index.php?rest_route=\/wp\/v2\/product"}],"about":[{"href":"https:\/\/moveupfashion.cz\/index.php?rest_route=\/wp\/v2\/types\/product"}],"replies":[{"embeddable":true,"href":"https:\/\/moveupfashion.cz\/index.php?rest_route=%2Fwp%2Fv2%2Fcomments&post=30825"}],"wp:featuredmedia":[{"embeddable":true,"href":"https:\/\/moveupfashion.cz\/index.php?rest_route=\/wp\/v2\/media\/30931"}],"wp:attachment":[{"href":"https:\/\/moveupfashion.cz\/index.php?rest_route=%2Fwp%2Fv2%2Fmedia&parent=30825"}],"wp:term":[{"taxonomy":"product_cat","embeddable":true,"href":"https:\/\/moveupfashion.cz\/index.php?rest_route=%2Fwp%2Fv2%2Fproduct_cat&post=30825"},{"taxonomy":"product_tag","embeddable":true,"href":"https:\/\/moveupfashion.cz\/index.php?rest_route=%2Fwp%2Fv2%2Fproduct_tag&post=30825"}],"curies":[{"name":"wp","href":"https:\/\/api.w.org\/{rel}","templated":true}]}}