{"id":30788,"date":"2024-03-13T15:06:37","date_gmt":"2024-03-13T14:06:37","guid":{"rendered":"https:\/\/moveupfashion.cz\/?post_type=product&#038;p=30788"},"modified":"2024-03-21T12:08:23","modified_gmt":"2024-03-21T11:08:23","slug":"kozena-miska-kozena-ulozna-cerny","status":"publish","type":"product","link":"https:\/\/moveupfashion.cz\/?product=kozena-miska-kozena-ulozna-cerny","title":{"rendered":"Ko\u017een\u00e1 miska \/ Ko\u017een\u00e1 \u00falo\u017ena &#8211; \u010dern\u00fd"},"content":{"rendered":"<p>Tato elegantn\u00ed ko\u017een\u00e1 miska \/ \u00falo\u017en\u00fd prostor je ide\u00e1ln\u00edm \u0159e\u0161en\u00edm pro ukl\u00e1d\u00e1n\u00ed va\u0161ich kl\u00ed\u010d\u016f, pen\u011bz, br\u00fdl\u00ed nebo sladkost\u00ed. Vyrobeno z kvalitn\u00ed \u010dern\u00e9 k\u016f\u017ee, tento v\u00fdrobek je nejen praktick\u00fd, ale tak\u00e9 skv\u011ble dopln\u00ed interi\u00e9r va\u0161eho domova \u010di kancel\u00e1\u0159e. S rozm\u011bry 24 x 24 cm je dostate\u010dn\u011b prostorn\u00e1 pro va\u0161e drobnosti. Nav\u00edc nab\u00edz\u00edme mo\u017enost grav\u00edrov\u00e1n\u00ed (vypalov\u00e1n\u00ed) va\u0161eho vlastn\u00edho obr\u00e1zku, co\u017e \u010din\u00ed z t\u00e9to ko\u017een\u00e9 misky perfektn\u00ed personalizovan\u00fd d\u00e1rek pro va\u0161e bl\u00edzk\u00e9 nebo jako unik\u00e1tn\u00ed dopln\u011bk pro v\u00e1s.<\/p>\n","protected":false},"excerpt":{"rendered":"<p>Velikost :\u00a0 24 x 24cm<\/p>\n<p>Ko\u017een\u00e1 miska s vygrav\u00edrovan\u00fdm obr\u00e1zkem . Vhodn\u00e1 na odkl\u00e1d\u00e1n\u00ed br\u00fdle, kl\u00ed\u010de, pen\u00edze, bonbony.<\/p>\n<p>Vyrobeno z kvalitn\u00ed italsk\u00e9 hov\u011bz\u00ed k\u016f\u017ee. Grav\u00edrov\u00e1n\u00ed na produktu je vyrobeno pomoc\u00ed laserov\u00e9 technologie.<\/p>\n<p>M\u00e1te-li z\u00e1jem o vlastn\u00ed grav\u00edrov\u00e1n\u00ed (vypalov\u00e1n\u00ed) va\u0161eho obr\u00e1zku na Ko\u017eenou misku \/ Ko\u017eenou \u00falo\u017enu, nev\u00e1hejte n\u00e1s kontaktovat &#8211; <strong><a href=\"tel:+420773295622\" target=\"_blank\" rel=\"noopener noreferrer\">+420 773 295 622<\/a><\/strong><\/p>\n","protected":false},"featured_media":30883,"comment_status":"open","ping_status":"closed","template":"","meta":[],"product_cat":[295],"product_tag":[316,317],"_links":{"self":[{"href":"https:\/\/moveupfashion.cz\/index.php?rest_route=\/wp\/v2\/product\/30788"}],"collection":[{"href":"https:\/\/moveupfashion.cz\/index.php?rest_route=\/wp\/v2\/product"}],"about":[{"href":"https:\/\/moveupfashion.cz\/index.php?rest_route=\/wp\/v2\/types\/product"}],"replies":[{"embeddable":true,"href":"https:\/\/moveupfashion.cz\/index.php?rest_route=%2Fwp%2Fv2%2Fcomments&post=30788"}],"wp:featuredmedia":[{"embeddable":true,"href":"https:\/\/moveupfashion.cz\/index.php?rest_route=\/wp\/v2\/media\/30883"}],"wp:attachment":[{"href":"https:\/\/moveupfashion.cz\/index.php?rest_route=%2Fwp%2Fv2%2Fmedia&parent=30788"}],"wp:term":[{"taxonomy":"product_cat","embeddable":true,"href":"https:\/\/moveupfashion.cz\/index.php?rest_route=%2Fwp%2Fv2%2Fproduct_cat&post=30788"},{"taxonomy":"product_tag","embeddable":true,"href":"https:\/\/moveupfashion.cz\/index.php?rest_route=%2Fwp%2Fv2%2Fproduct_tag&post=30788"}],"curies":[{"name":"wp","href":"https:\/\/api.w.org\/{rel}","templated":true}]}}