{"id":30777,"date":"2024-03-13T15:06:35","date_gmt":"2024-03-13T14:06:35","guid":{"rendered":"https:\/\/moveupfashion.cz\/?post_type=product&#038;p=30777"},"modified":"2024-03-21T12:02:34","modified_gmt":"2024-03-21T11:02:34","slug":"kozeny-obal-na-vino-cerveny","status":"publish","type":"product","link":"https:\/\/moveupfashion.cz\/?product=kozeny-obal-na-vino-cerveny","title":{"rendered":"Ko\u017een\u00fd obal na v\u00edno &#8211; \u010derven\u00fd"},"content":{"rendered":"<p>Ru\u010dn\u011b vyroben\u00fd z nejkvalitn\u011bj\u0161\u00ed italsk\u00e9 prav\u00e9 k\u016f\u017ee.<\/p>\n<p>Obal na l\u00e1hev je vhodn\u00fd na v\u00edno i destil\u00e1ty.<\/p>\n<ul>\n<li>na t\u00e9m\u011b\u0159 v\u0161echny typy lahv\u00ed na v\u00edno<\/li>\n<\/ul>\n<p>&nbsp;<\/p>\n","protected":false},"excerpt":{"rendered":"<p>Obal na v\u00edno Andex z prav\u00e9 k\u016f\u017ee.<\/p>\n<p>Velikost : v\u00fd\u0161ka 22 cm, pr\u016fm\u011br 8.5 cm<\/p>\n<p>Materi\u00e1l :\u00a0hov\u011bz\u00ed k\u016f\u017ee, kov<\/p>\n<p><em><strong>Vyrobeno v \u010cesk\u00e9 republice<\/strong><\/em><\/p>\n","protected":false},"featured_media":30836,"comment_status":"open","ping_status":"closed","template":"","meta":[],"product_cat":[297],"product_tag":[],"_links":{"self":[{"href":"https:\/\/moveupfashion.cz\/index.php?rest_route=\/wp\/v2\/product\/30777"}],"collection":[{"href":"https:\/\/moveupfashion.cz\/index.php?rest_route=\/wp\/v2\/product"}],"about":[{"href":"https:\/\/moveupfashion.cz\/index.php?rest_route=\/wp\/v2\/types\/product"}],"replies":[{"embeddable":true,"href":"https:\/\/moveupfashion.cz\/index.php?rest_route=%2Fwp%2Fv2%2Fcomments&post=30777"}],"wp:featuredmedia":[{"embeddable":true,"href":"https:\/\/moveupfashion.cz\/index.php?rest_route=\/wp\/v2\/media\/30836"}],"wp:attachment":[{"href":"https:\/\/moveupfashion.cz\/index.php?rest_route=%2Fwp%2Fv2%2Fmedia&parent=30777"}],"wp:term":[{"taxonomy":"product_cat","embeddable":true,"href":"https:\/\/moveupfashion.cz\/index.php?rest_route=%2Fwp%2Fv2%2Fproduct_cat&post=30777"},{"taxonomy":"product_tag","embeddable":true,"href":"https:\/\/moveupfashion.cz\/index.php?rest_route=%2Fwp%2Fv2%2Fproduct_tag&post=30777"}],"curies":[{"name":"wp","href":"https:\/\/api.w.org\/{rel}","templated":true}]}}