{"id":30550,"date":"2024-03-13T15:04:34","date_gmt":"2024-03-13T14:04:34","guid":{"rendered":"https:\/\/moveupfashion.cz\/?post_type=product&#038;p=30550"},"modified":"2024-03-13T15:22:22","modified_gmt":"2024-03-13T14:22:22","slug":"modni-kozeny-naramek-hnedy-2","status":"publish","type":"product","link":"https:\/\/moveupfashion.cz\/?product=modni-kozeny-naramek-hnedy-2","title":{"rendered":"M\u00d3DN\u00cd KO\u017dEN\u00dd N\u00c1RAMEK &#8211; HN\u011aD\u00dd"},"content":{"rendered":"","protected":false},"excerpt":{"rendered":"<div id=\"more_info_block\">\n<div id=\"more_info_sheets\" class=\"sheets align_justify\">\n<div id=\"idTab1\" class=\"rte\">\n<p>Materi\u00e1l: k\u016f\u017ee<\/p>\n<p>Pr\u016fm\u011br: 19-23 \u0441m<\/p>\n<p>Cena za jeden kus.<\/p>\n<\/div>\n<\/div>\n<\/div>\n","protected":false},"featured_media":30585,"comment_status":"open","ping_status":"closed","template":"","meta":[],"product_cat":[305],"product_tag":[],"_links":{"self":[{"href":"https:\/\/moveupfashion.cz\/index.php?rest_route=\/wp\/v2\/product\/30550"}],"collection":[{"href":"https:\/\/moveupfashion.cz\/index.php?rest_route=\/wp\/v2\/product"}],"about":[{"href":"https:\/\/moveupfashion.cz\/index.php?rest_route=\/wp\/v2\/types\/product"}],"replies":[{"embeddable":true,"href":"https:\/\/moveupfashion.cz\/index.php?rest_route=%2Fwp%2Fv2%2Fcomments&post=30550"}],"wp:featuredmedia":[{"embeddable":true,"href":"https:\/\/moveupfashion.cz\/index.php?rest_route=\/wp\/v2\/media\/30585"}],"wp:attachment":[{"href":"https:\/\/moveupfashion.cz\/index.php?rest_route=%2Fwp%2Fv2%2Fmedia&parent=30550"}],"wp:term":[{"taxonomy":"product_cat","embeddable":true,"href":"https:\/\/moveupfashion.cz\/index.php?rest_route=%2Fwp%2Fv2%2Fproduct_cat&post=30550"},{"taxonomy":"product_tag","embeddable":true,"href":"https:\/\/moveupfashion.cz\/index.php?rest_route=%2Fwp%2Fv2%2Fproduct_tag&post=30550"}],"curies":[{"name":"wp","href":"https:\/\/api.w.org\/{rel}","templated":true}]}}