{"id":30476,"date":"2024-03-13T15:03:42","date_gmt":"2024-03-13T14:03:42","guid":{"rendered":"https:\/\/moveupfashion.cz\/?post_type=product&#038;p=30476"},"modified":"2024-03-21T12:42:47","modified_gmt":"2024-03-21T11:42:47","slug":"kozena-klicenka-rucni-vyroba-cerna-5","status":"publish","type":"product","link":"https:\/\/moveupfashion.cz\/?product=kozena-klicenka-rucni-vyroba-cerna-5","title":{"rendered":"KO\u017dEN\u00c1 KL\u00cd\u010cENKA &#8211; RU\u010cN\u00cd V\u00ddROBA &#8211; \u010cERN\u00c1"},"content":{"rendered":"<p>Vyrobeno: \u010cesk\u00e1 republika<\/p>\n<p>Materi\u00e1l: hov\u011bz\u00ed k\u016f\u017ee<\/p>\n<p>&nbsp;<\/p>\n","protected":false},"excerpt":{"rendered":"<ul>\n<li>Kl\u00ed\u010denka z hlazen\u00e9 hov\u011bz\u00ed usn\u011b.<\/li>\n<li>Karabina na pru\u017einku.<\/li>\n<\/ul>\n","protected":false},"featured_media":30530,"comment_status":"open","ping_status":"closed","template":"","meta":[],"product_cat":[294],"product_tag":[],"_links":{"self":[{"href":"https:\/\/moveupfashion.cz\/index.php?rest_route=\/wp\/v2\/product\/30476"}],"collection":[{"href":"https:\/\/moveupfashion.cz\/index.php?rest_route=\/wp\/v2\/product"}],"about":[{"href":"https:\/\/moveupfashion.cz\/index.php?rest_route=\/wp\/v2\/types\/product"}],"replies":[{"embeddable":true,"href":"https:\/\/moveupfashion.cz\/index.php?rest_route=%2Fwp%2Fv2%2Fcomments&post=30476"}],"wp:featuredmedia":[{"embeddable":true,"href":"https:\/\/moveupfashion.cz\/index.php?rest_route=\/wp\/v2\/media\/30530"}],"wp:attachment":[{"href":"https:\/\/moveupfashion.cz\/index.php?rest_route=%2Fwp%2Fv2%2Fmedia&parent=30476"}],"wp:term":[{"taxonomy":"product_cat","embeddable":true,"href":"https:\/\/moveupfashion.cz\/index.php?rest_route=%2Fwp%2Fv2%2Fproduct_cat&post=30476"},{"taxonomy":"product_tag","embeddable":true,"href":"https:\/\/moveupfashion.cz\/index.php?rest_route=%2Fwp%2Fv2%2Fproduct_tag&post=30476"}],"curies":[{"name":"wp","href":"https:\/\/api.w.org\/{rel}","templated":true}]}}