{"id":30444,"date":"2024-03-13T15:03:17","date_gmt":"2024-03-13T14:03:17","guid":{"rendered":"https:\/\/moveupfashion.cz\/?post_type=product&#038;p=30444"},"modified":"2024-03-21T12:38:20","modified_gmt":"2024-03-21T11:38:20","slug":"kozeny-naramek-zeleny","status":"publish","type":"product","link":"https:\/\/moveupfashion.cz\/?product=kozeny-naramek-zeleny","title":{"rendered":"KO\u017dEN\u00dd N\u00c1RAMEK &#8211; ZELEN\u00dd"},"content":{"rendered":"<p>Vyrobeno: \u010cesk\u00e1 republika<\/p>\n<p>Materi\u00e1l: hov\u011bz\u00ed k\u016f\u017ee<\/p>\n<p>&nbsp;<\/p>\n","protected":false},"excerpt":{"rendered":"<ul>\n<li>Stylov\u00fd n\u00e1ramek\u00a0 z kvalitn\u00ed k\u016f\u017ee ,\u00a0\u00a0zap\u00edn\u00e1n\u00ed na cvo\u010dek<\/li>\n<\/ul>\n","protected":false},"featured_media":30502,"comment_status":"open","ping_status":"closed","template":"","meta":[],"product_cat":[305],"product_tag":[],"_links":{"self":[{"href":"https:\/\/moveupfashion.cz\/index.php?rest_route=\/wp\/v2\/product\/30444"}],"collection":[{"href":"https:\/\/moveupfashion.cz\/index.php?rest_route=\/wp\/v2\/product"}],"about":[{"href":"https:\/\/moveupfashion.cz\/index.php?rest_route=\/wp\/v2\/types\/product"}],"replies":[{"embeddable":true,"href":"https:\/\/moveupfashion.cz\/index.php?rest_route=%2Fwp%2Fv2%2Fcomments&post=30444"}],"wp:featuredmedia":[{"embeddable":true,"href":"https:\/\/moveupfashion.cz\/index.php?rest_route=\/wp\/v2\/media\/30502"}],"wp:attachment":[{"href":"https:\/\/moveupfashion.cz\/index.php?rest_route=%2Fwp%2Fv2%2Fmedia&parent=30444"}],"wp:term":[{"taxonomy":"product_cat","embeddable":true,"href":"https:\/\/moveupfashion.cz\/index.php?rest_route=%2Fwp%2Fv2%2Fproduct_cat&post=30444"},{"taxonomy":"product_tag","embeddable":true,"href":"https:\/\/moveupfashion.cz\/index.php?rest_route=%2Fwp%2Fv2%2Fproduct_tag&post=30444"}],"curies":[{"name":"wp","href":"https:\/\/api.w.org\/{rel}","templated":true}]}}