{"id":30371,"date":"2024-03-13T15:02:26","date_gmt":"2024-03-13T14:02:26","guid":{"rendered":"https:\/\/moveupfashion.cz\/?post_type=product&#038;p=30371"},"modified":"2024-03-20T16:32:39","modified_gmt":"2024-03-20T15:32:39","slug":"damska-kozena-kabelka-cerna","status":"publish","type":"product","link":"https:\/\/moveupfashion.cz\/?product=damska-kozena-kabelka-cerna","title":{"rendered":"D\u00c1MSK\u00c1 KO\u017dEN\u00c1 KABELKA &#8211; \u010cERN\u00c1"},"content":{"rendered":"<div>\n<div>\n<div>M\u00f3dn\u00ed a origin\u00e1ln\u00ed st\u0159\u00edh.<\/div>\n<div>Ide\u00e1ln\u00ed pro ka\u017edou p\u0159\u00edle\u017eitost.<\/div>\n<\/div>\n<div>Modern\u00ed d\u00e1msk\u00e1 kabelka hezk\u00e9 dopln\u00ed V\u00e1\u0161 outfit<\/div>\n<\/div>\n<div>\n<div><\/div>\n<div><\/div>\n<\/div>\n","protected":false},"excerpt":{"rendered":"<p>Elegantn\u00ed d\u00e1msk\u00e1 kabelka z pr\u00e1v\u00e9 k\u016f\u017ee p\u0159es rameno.<\/p>\n<div>Materi\u00e1l: k\u016f\u017ee<\/div>\n<div>Rozm\u011bry: 21 x 15 x 6 cm<\/div>\n","protected":false},"featured_media":30406,"comment_status":"open","ping_status":"closed","template":"","meta":[],"product_cat":[289],"product_tag":[],"_links":{"self":[{"href":"https:\/\/moveupfashion.cz\/index.php?rest_route=\/wp\/v2\/product\/30371"}],"collection":[{"href":"https:\/\/moveupfashion.cz\/index.php?rest_route=\/wp\/v2\/product"}],"about":[{"href":"https:\/\/moveupfashion.cz\/index.php?rest_route=\/wp\/v2\/types\/product"}],"replies":[{"embeddable":true,"href":"https:\/\/moveupfashion.cz\/index.php?rest_route=%2Fwp%2Fv2%2Fcomments&post=30371"}],"wp:featuredmedia":[{"embeddable":true,"href":"https:\/\/moveupfashion.cz\/index.php?rest_route=\/wp\/v2\/media\/30406"}],"wp:attachment":[{"href":"https:\/\/moveupfashion.cz\/index.php?rest_route=%2Fwp%2Fv2%2Fmedia&parent=30371"}],"wp:term":[{"taxonomy":"product_cat","embeddable":true,"href":"https:\/\/moveupfashion.cz\/index.php?rest_route=%2Fwp%2Fv2%2Fproduct_cat&post=30371"},{"taxonomy":"product_tag","embeddable":true,"href":"https:\/\/moveupfashion.cz\/index.php?rest_route=%2Fwp%2Fv2%2Fproduct_tag&post=30371"}],"curies":[{"name":"wp","href":"https:\/\/api.w.org\/{rel}","templated":true}]}}