{"id":29548,"date":"2022-04-19T15:30:01","date_gmt":"2022-04-19T13:30:01","guid":{"rendered":"https:\/\/moveupfashion.cz\/?post_type=product&#038;p=29548"},"modified":"2022-04-19T15:31:19","modified_gmt":"2022-04-19T13:31:19","slug":"kozena-spisovka-taska-na-doklady-cerna-2","status":"publish","type":"product","link":"https:\/\/moveupfashion.cz\/?product=kozena-spisovka-taska-na-doklady-cerna-2","title":{"rendered":"KO\u017dEN\u00c1 SPISOVKA\u00a0\/\u00a0TA\u0160KA NA DOKLADY &#8211; \u010cERN\u00c1"},"content":{"rendered":"<div>Elegantn\u00ed\u00a0 ko\u017een\u00e1 spisovka,\u00a0velice p\u0159\u00edjemn\u00e1 na omak.<\/div>\n<div>\n<p>\u00a0Vnit\u0159n\u00ed prostor uzav\u00edrateln\u00fd zipem je vylo\u017een\u00a0 l\u00e1tkou.<\/p>\n<\/div>\n","protected":false},"excerpt":{"rendered":"<p>Spisovka z prav\u00e9 hov\u011bz\u00ed k\u016f\u017ee\u00a0 pro ka\u017edodenn\u00ed no\u0161en\u00ed.<\/p>\n<ul>\n<li>2 kapsy na dokumenty o velikosti A4<\/li>\n<li>1 p\u0159ihr\u00e1dka na blok<\/li>\n<li>2 p\u0159ihr\u00e1dky na vizitky nebo platebn\u00ed karty<\/li>\n<li>3\u00a0poutko na propisku<\/li>\n<li>1 zipov\u00e1 kapsa<\/li>\n<\/ul>\n<p><strong>Materi\u00e1l<\/strong>: l\u00edcov\u00e1 hov\u011bz\u00ed use\u0148<br \/>\n<strong>Rozm\u011bry<\/strong>: 40 x 28 x 5 cm<\/p>\n","protected":false},"featured_media":29544,"comment_status":"open","ping_status":"closed","template":"","meta":[],"product_cat":[251,66,209,212],"product_tag":[],"_links":{"self":[{"href":"https:\/\/moveupfashion.cz\/index.php?rest_route=\/wp\/v2\/product\/29548"}],"collection":[{"href":"https:\/\/moveupfashion.cz\/index.php?rest_route=\/wp\/v2\/product"}],"about":[{"href":"https:\/\/moveupfashion.cz\/index.php?rest_route=\/wp\/v2\/types\/product"}],"replies":[{"embeddable":true,"href":"https:\/\/moveupfashion.cz\/index.php?rest_route=%2Fwp%2Fv2%2Fcomments&post=29548"}],"wp:featuredmedia":[{"embeddable":true,"href":"https:\/\/moveupfashion.cz\/index.php?rest_route=\/wp\/v2\/media\/29544"}],"wp:attachment":[{"href":"https:\/\/moveupfashion.cz\/index.php?rest_route=%2Fwp%2Fv2%2Fmedia&parent=29548"}],"wp:term":[{"taxonomy":"product_cat","embeddable":true,"href":"https:\/\/moveupfashion.cz\/index.php?rest_route=%2Fwp%2Fv2%2Fproduct_cat&post=29548"},{"taxonomy":"product_tag","embeddable":true,"href":"https:\/\/moveupfashion.cz\/index.php?rest_route=%2Fwp%2Fv2%2Fproduct_tag&post=29548"}],"curies":[{"name":"wp","href":"https:\/\/api.w.org\/{rel}","templated":true}]}}