{"id":29499,"date":"2022-04-19T14:57:51","date_gmt":"2022-04-19T12:57:51","guid":{"rendered":"https:\/\/moveupfashion.cz\/?post_type=product&#038;p=29499"},"modified":"2022-04-19T15:00:36","modified_gmt":"2022-04-19T13:00:36","slug":"kozena-taska-na-notebook-uni-cerna","status":"publish","type":"product","link":"https:\/\/moveupfashion.cz\/?product=kozena-taska-na-notebook-uni-cerna","title":{"rendered":"KO\u017dEN\u00c1 TA\u0160KA NA NOTEBOOK UNI &#8211; \u010cERN\u00c1"},"content":{"rendered":"<p>Univerz\u00e1ln\u00ed ta\u0161ka na notebook je vyrobena z kvalitn\u00ed hov\u011bz\u00ed k\u016f\u017ee.<\/p>\n<p>Ta\u0161ka je zhotoven\u00e1 z pevn\u00e9 hov\u011bz\u00ed k\u016f\u017ee, je uzav\u00edrateln\u00e1 zipem, uvnit\u0159 je jedna separace, do kter\u00e9 se vejde\u00a0 notebook. 2 otev\u0159en\u00e9 p\u0159ihr\u00e1dky na mobil, jedna otev\u0159en\u00e1 p\u0159ihr\u00e1dka a jedna zipov\u00e1 kapsa.\u00a0 Pou\u017eit\u00e9 kov\u00e1n\u00ed je v barv\u011b mosazi.\u00a0 Sou\u010d\u00e1st\u00ed ta\u0161ky je odep\u00ednateln\u00ed pevn\u00fd textiln\u00ed popruh p\u0159es rameno.<\/p>\n","protected":false},"excerpt":{"rendered":"<ul>\n<li>1 x hlavn\u00ed separace<\/li>\n<li>2 x men\u0161\u00ed otev\u0159en\u00e1 kapsa<\/li>\n<li>1 x zipov\u00e1 kapsa<\/li>\n<li>1 x otev\u0159en\u00e1 p\u0159ihr\u00e1dka<\/li>\n<li>odn\u00edmateln\u00fd pevn\u00fd popruh p\u0159es rameno<\/li>\n<\/ul>\n<div><strong>Materi\u00e1l<\/strong>: l\u00edcov\u00e1 hov\u011bz\u00ed use\u0148<br \/>\n<strong>Rozm\u011bry<\/strong>: 42 x 31 x 8 cm<\/div>\n","protected":false},"featured_media":29494,"comment_status":"open","ping_status":"closed","template":"","meta":[],"product_cat":[251,66,209,212],"product_tag":[],"_links":{"self":[{"href":"https:\/\/moveupfashion.cz\/index.php?rest_route=\/wp\/v2\/product\/29499"}],"collection":[{"href":"https:\/\/moveupfashion.cz\/index.php?rest_route=\/wp\/v2\/product"}],"about":[{"href":"https:\/\/moveupfashion.cz\/index.php?rest_route=\/wp\/v2\/types\/product"}],"replies":[{"embeddable":true,"href":"https:\/\/moveupfashion.cz\/index.php?rest_route=%2Fwp%2Fv2%2Fcomments&post=29499"}],"wp:featuredmedia":[{"embeddable":true,"href":"https:\/\/moveupfashion.cz\/index.php?rest_route=\/wp\/v2\/media\/29494"}],"wp:attachment":[{"href":"https:\/\/moveupfashion.cz\/index.php?rest_route=%2Fwp%2Fv2%2Fmedia&parent=29499"}],"wp:term":[{"taxonomy":"product_cat","embeddable":true,"href":"https:\/\/moveupfashion.cz\/index.php?rest_route=%2Fwp%2Fv2%2Fproduct_cat&post=29499"},{"taxonomy":"product_tag","embeddable":true,"href":"https:\/\/moveupfashion.cz\/index.php?rest_route=%2Fwp%2Fv2%2Fproduct_tag&post=29499"}],"curies":[{"name":"wp","href":"https:\/\/api.w.org\/{rel}","templated":true}]}}