{"id":29475,"date":"2022-04-18T21:49:02","date_gmt":"2022-04-18T19:49:02","guid":{"rendered":"https:\/\/moveupfashion.cz\/?post_type=product&#038;p=29475"},"modified":"2022-04-19T13:34:46","modified_gmt":"2022-04-19T11:34:46","slug":"kozena-aktovka-brasna-hneda-2","status":"publish","type":"product","link":"https:\/\/moveupfashion.cz\/?product=kozena-aktovka-brasna-hneda-2","title":{"rendered":"KO\u017dEN\u00c1 AKTOVKA \/ BRA\u0160NA &#8211; HN\u011aD\u00c1"},"content":{"rendered":"<div>\n<p>Hlavn\u00ed prostor bez dal\u0161\u00edch d\u011blen\u00ed.<br \/>\nPod klopou je\u0161t\u011b jedna zipov\u00e1 kapsa.<br \/>\nKo\u017een\u00e9 pouzdro pro mobil, t\u0159i poutka na tu\u017eky.<br \/>\nNa zadn\u00ed stran\u011b je zipov\u00e1 kapsa.<br \/>\nKvalitn\u011b zpracovan\u00e9 dr\u017eadlo do ruky umo\u017e\u0148uje pohodln\u00e9 no\u0161en\u00ed.<br \/>\nOdep\u00ednac\u00ed popruh na rameno m\u00e1 max. d\u00e9lku 127 cm a \u0161\u00ed\u0159ku 4 cm a je p\u0159ichycen na boku aktovky.<br \/>\nAktovka nen\u00ed uvnit\u0159 vypod\u0161\u00edvkovan\u00e1 l\u00e1tkou, je vylo\u017een\u00e1 p\u0159\u00edrodn\u00ed k\u016f\u017e\u00ed.<br \/>\nKovov\u00e9 dopl\u0148ky (p\u0159ezka, n\u00fdtky atd.) maj\u00ed staromosaz barvu.<br \/>\nAktovka je \u0161it\u00e1 sv\u011btle hn\u011bdou nit\u00ed a skv\u011ble lad\u00ed s barvou k\u016f\u017ee.<\/p>\n<\/div>\n","protected":false},"excerpt":{"rendered":"<div>Solidn\u00ed aktovka z prav\u00e9 hov\u011bz\u00ed k\u016f\u017ee\u00a0 pro ka\u017edodenn\u00ed no\u0161en\u00ed.<\/div>\n<p><strong>Materi\u00e1l<\/strong>: l\u00edcov\u00e1 hov\u011bz\u00ed use\u0148<br \/>\n<strong>Rozm\u011bry: <\/strong>40 x 30 x 11 cm<br \/>\n<strong>Hmotnost: <\/strong>1700 g<br \/>\n<strong>Barva: <\/strong>hn\u011bd\u00e1<br \/>\n<strong>Po\u010det kapes:<\/strong> 2<\/p>\n","protected":false},"featured_media":29480,"comment_status":"open","ping_status":"closed","template":"","meta":[],"product_cat":[251,66,209,212],"product_tag":[],"_links":{"self":[{"href":"https:\/\/moveupfashion.cz\/index.php?rest_route=\/wp\/v2\/product\/29475"}],"collection":[{"href":"https:\/\/moveupfashion.cz\/index.php?rest_route=\/wp\/v2\/product"}],"about":[{"href":"https:\/\/moveupfashion.cz\/index.php?rest_route=\/wp\/v2\/types\/product"}],"replies":[{"embeddable":true,"href":"https:\/\/moveupfashion.cz\/index.php?rest_route=%2Fwp%2Fv2%2Fcomments&post=29475"}],"wp:featuredmedia":[{"embeddable":true,"href":"https:\/\/moveupfashion.cz\/index.php?rest_route=\/wp\/v2\/media\/29480"}],"wp:attachment":[{"href":"https:\/\/moveupfashion.cz\/index.php?rest_route=%2Fwp%2Fv2%2Fmedia&parent=29475"}],"wp:term":[{"taxonomy":"product_cat","embeddable":true,"href":"https:\/\/moveupfashion.cz\/index.php?rest_route=%2Fwp%2Fv2%2Fproduct_cat&post=29475"},{"taxonomy":"product_tag","embeddable":true,"href":"https:\/\/moveupfashion.cz\/index.php?rest_route=%2Fwp%2Fv2%2Fproduct_tag&post=29475"}],"curies":[{"name":"wp","href":"https:\/\/api.w.org\/{rel}","templated":true}]}}