{"id":29422,"date":"2022-02-23T17:01:12","date_gmt":"2022-02-23T16:01:12","guid":{"rendered":"https:\/\/moveupfashion.cz\/?post_type=product&#038;p=29422"},"modified":"2022-02-23T17:01:53","modified_gmt":"2022-02-23T16:01:53","slug":"damska-elegantni-kabelka-seda-4","status":"publish","type":"product","link":"https:\/\/moveupfashion.cz\/?product=damska-elegantni-kabelka-seda-4","title":{"rendered":"D\u00c1MSK\u00c1 ELEGANTN\u00cd KABELKA, \u0160ED\u00c1"},"content":{"rendered":"<div>\n<div>\n<div>M\u00f3dn\u00ed a origin\u00e1ln\u00ed st\u0159\u00edh.<\/div>\n<div>Ide\u00e1ln\u00ed pro ka\u017edou p\u0159\u00edle\u017eitost.<\/div>\n<\/div>\n<div>Modern\u00ed d\u00e1msk\u00e1 kabelka hezk\u00e9 dopln\u00ed V\u00e1\u0161 outfit<\/div>\n<\/div>\n<div>\n<div><\/div>\n<div><\/div>\n<\/div>\n","protected":false},"excerpt":{"rendered":"<p>Elegantn\u00ed d\u00e1msk\u00e1 kabelka z pr\u00e1v\u00e9 k\u016f\u017ee p\u0159es rameno nebo do ruky.<\/p>\n<div>Materi\u00e1l: k\u016f\u017ee<\/div>\n<div>Rozm\u011bry: 32 x 26 x 15 cm<\/div>\n","protected":false},"featured_media":29407,"comment_status":"open","ping_status":"closed","template":"","meta":[],"product_cat":[66,209,210],"product_tag":[],"_links":{"self":[{"href":"https:\/\/moveupfashion.cz\/index.php?rest_route=\/wp\/v2\/product\/29422"}],"collection":[{"href":"https:\/\/moveupfashion.cz\/index.php?rest_route=\/wp\/v2\/product"}],"about":[{"href":"https:\/\/moveupfashion.cz\/index.php?rest_route=\/wp\/v2\/types\/product"}],"replies":[{"embeddable":true,"href":"https:\/\/moveupfashion.cz\/index.php?rest_route=%2Fwp%2Fv2%2Fcomments&post=29422"}],"wp:featuredmedia":[{"embeddable":true,"href":"https:\/\/moveupfashion.cz\/index.php?rest_route=\/wp\/v2\/media\/29407"}],"wp:attachment":[{"href":"https:\/\/moveupfashion.cz\/index.php?rest_route=%2Fwp%2Fv2%2Fmedia&parent=29422"}],"wp:term":[{"taxonomy":"product_cat","embeddable":true,"href":"https:\/\/moveupfashion.cz\/index.php?rest_route=%2Fwp%2Fv2%2Fproduct_cat&post=29422"},{"taxonomy":"product_tag","embeddable":true,"href":"https:\/\/moveupfashion.cz\/index.php?rest_route=%2Fwp%2Fv2%2Fproduct_tag&post=29422"}],"curies":[{"name":"wp","href":"https:\/\/api.w.org\/{rel}","templated":true}]}}