{"id":28644,"date":"2021-05-11T12:45:25","date_gmt":"2021-05-11T10:45:25","guid":{"rendered":"https:\/\/moveupfashion.cz\/?post_type=product&#038;p=28644"},"modified":"2021-05-15T12:38:57","modified_gmt":"2021-05-15T10:38:57","slug":"elegantni-damska-kabelka-cerna","status":"publish","type":"product","link":"https:\/\/moveupfashion.cz\/?product=elegantni-damska-kabelka-cerna","title":{"rendered":"ELEGANTN\u00cd D\u00c1MSK\u00c1 KABELKA, \u010cERN\u00c1"},"content":{"rendered":"<div>\n<div>\n<div>M\u00f3dn\u00ed a origin\u00e1ln\u00ed st\u0159\u00edh.<\/div>\n<div>Ide\u00e1ln\u00ed pro ka\u017edou p\u0159\u00edle\u017eitost.<\/div>\n<\/div>\n<div>Modern\u00ed d\u00e1msk\u00e1 kabelka hezk\u00e9 dopln\u00ed V\u00e1\u0161 outfit<\/div>\n<\/div>\n<div>\n<div>Materi\u00e1l:\u00a0 k\u016f\u017ee<\/div>\n<div>Rozm\u011bry: 27x13x11 cm<\/div>\n<div><\/div>\n<\/div>\n","protected":false},"excerpt":{"rendered":"<p>Elegantn\u00ed d\u00e1msk\u00e1 kabelka z pr\u00e1v\u00e9\u00a0hl\u00e1dk\u00e9 k\u016f\u017ee p\u0159es rameno nebo do ruky.<\/p>\n","protected":false},"featured_media":28637,"comment_status":"open","ping_status":"closed","template":"","meta":[],"product_cat":[66,209,280],"product_tag":[],"_links":{"self":[{"href":"https:\/\/moveupfashion.cz\/index.php?rest_route=\/wp\/v2\/product\/28644"}],"collection":[{"href":"https:\/\/moveupfashion.cz\/index.php?rest_route=\/wp\/v2\/product"}],"about":[{"href":"https:\/\/moveupfashion.cz\/index.php?rest_route=\/wp\/v2\/types\/product"}],"replies":[{"embeddable":true,"href":"https:\/\/moveupfashion.cz\/index.php?rest_route=%2Fwp%2Fv2%2Fcomments&post=28644"}],"wp:featuredmedia":[{"embeddable":true,"href":"https:\/\/moveupfashion.cz\/index.php?rest_route=\/wp\/v2\/media\/28637"}],"wp:attachment":[{"href":"https:\/\/moveupfashion.cz\/index.php?rest_route=%2Fwp%2Fv2%2Fmedia&parent=28644"}],"wp:term":[{"taxonomy":"product_cat","embeddable":true,"href":"https:\/\/moveupfashion.cz\/index.php?rest_route=%2Fwp%2Fv2%2Fproduct_cat&post=28644"},{"taxonomy":"product_tag","embeddable":true,"href":"https:\/\/moveupfashion.cz\/index.php?rest_route=%2Fwp%2Fv2%2Fproduct_tag&post=28644"}],"curies":[{"name":"wp","href":"https:\/\/api.w.org\/{rel}","templated":true}]}}