{"id":28602,"date":"2021-05-06T15:26:42","date_gmt":"2021-05-06T13:26:42","guid":{"rendered":"https:\/\/moveupfashion.cz\/?post_type=product&#038;p=28602"},"modified":"2021-05-15T12:38:57","modified_gmt":"2021-05-15T10:38:57","slug":"damsky-kozeny-opasek-25-cm-hnedy","status":"publish","type":"product","link":"https:\/\/moveupfashion.cz\/?product=damsky-kozeny-opasek-25-cm-hnedy","title":{"rendered":"D\u00c1MSK\u00dd KO\u017dEN\u00dd OPASEK &#8211; 2,5 cm &#8211; HN\u011aD\u00dd"},"content":{"rendered":"<p>D\u00e1msk\u00fd ko\u017een\u00fd opasek z hov\u011bz\u00ed k\u016f\u017ee je dopln\u011bn decentn\u00ed kovovou obd\u00e9ln\u00edkovou sponou. Obvod pasu 80 \u2014 100 \u0441m.<br \/>\nKvalitn\u00ed ru\u010dn\u011b vyroben\u00fd ko\u017een\u00fd opasek.<br \/>\n\u0160\u00ed\u0159e opasku: 2,5 cm<\/p>\n","protected":false},"excerpt":{"rendered":"<div class=\"cl_673468\">100% ru\u010dn\u00ed pr\u00e1ce.<\/div>\n<div>\n<div>Vyrobeno v \u010cR.<\/div>\n<div>\n<p>Materi\u00e1l: 100% k\u016f\u017ee<\/p>\n<div><\/div>\n<\/div>\n<\/div>\n","protected":false},"featured_media":28593,"comment_status":"open","ping_status":"closed","template":"","meta":[],"product_cat":[70,93],"product_tag":[],"_links":{"self":[{"href":"https:\/\/moveupfashion.cz\/index.php?rest_route=\/wp\/v2\/product\/28602"}],"collection":[{"href":"https:\/\/moveupfashion.cz\/index.php?rest_route=\/wp\/v2\/product"}],"about":[{"href":"https:\/\/moveupfashion.cz\/index.php?rest_route=\/wp\/v2\/types\/product"}],"replies":[{"embeddable":true,"href":"https:\/\/moveupfashion.cz\/index.php?rest_route=%2Fwp%2Fv2%2Fcomments&post=28602"}],"wp:featuredmedia":[{"embeddable":true,"href":"https:\/\/moveupfashion.cz\/index.php?rest_route=\/wp\/v2\/media\/28593"}],"wp:attachment":[{"href":"https:\/\/moveupfashion.cz\/index.php?rest_route=%2Fwp%2Fv2%2Fmedia&parent=28602"}],"wp:term":[{"taxonomy":"product_cat","embeddable":true,"href":"https:\/\/moveupfashion.cz\/index.php?rest_route=%2Fwp%2Fv2%2Fproduct_cat&post=28602"},{"taxonomy":"product_tag","embeddable":true,"href":"https:\/\/moveupfashion.cz\/index.php?rest_route=%2Fwp%2Fv2%2Fproduct_tag&post=28602"}],"curies":[{"name":"wp","href":"https:\/\/api.w.org\/{rel}","templated":true}]}}